{"id":50,"date":"2023-07-31T01:37:46","date_gmt":"2023-07-31T01:37:46","guid":{"rendered":"https:\/\/specifica.com.br\/site2024\/?post_type=product&#038;p=50"},"modified":"2025-05-20T15:40:42","modified_gmt":"2025-05-20T15:40:42","slug":"hidratante-com-lipossomas-e-filtro-solar-para-as-maos","status":"publish","type":"product","link":"https:\/\/specifica.com.br\/site2024\/produto\/linha-pes-maos-e-unhas\/maos\/hidratante-com-lipossomas-e-filtro-solar-para-as-maos\/","title":{"rendered":"HIDRATANTE COM LIPOSSOMAS E FILTRO SOLAR PARA AS M\u00c3OS"},"content":{"rendered":"","protected":false},"excerpt":{"rendered":"<p>Creme suavizante das m\u00e3os \u00e1speras e ressecadas, com a\u00e7\u00e3o fotoprotetora.<\/p>\n","protected":false},"featured_media":3240,"comment_status":"open","ping_status":"closed","template":"","meta":{"_acf_changed":false},"product_brand":[],"product_cat":[67],"product_tag":[],"class_list":{"0":"post-50","1":"product","2":"type-product","3":"status-publish","4":"has-post-thumbnail","6":"product_cat-maos","8":"first","9":"instock","10":"shipping-taxable","11":"product-type-simple"},"acf":[],"_links":{"self":[{"href":"https:\/\/specifica.com.br\/site2024\/wp-json\/wp\/v2\/product\/50","targetHints":{"allow":["GET"]}}],"collection":[{"href":"https:\/\/specifica.com.br\/site2024\/wp-json\/wp\/v2\/product"}],"about":[{"href":"https:\/\/specifica.com.br\/site2024\/wp-json\/wp\/v2\/types\/product"}],"replies":[{"embeddable":true,"href":"https:\/\/specifica.com.br\/site2024\/wp-json\/wp\/v2\/comments?post=50"}],"wp:featuredmedia":[{"embeddable":true,"href":"https:\/\/specifica.com.br\/site2024\/wp-json\/wp\/v2\/media\/3240"}],"wp:attachment":[{"href":"https:\/\/specifica.com.br\/site2024\/wp-json\/wp\/v2\/media?parent=50"}],"wp:term":[{"taxonomy":"product_brand","embeddable":true,"href":"https:\/\/specifica.com.br\/site2024\/wp-json\/wp\/v2\/product_brand?post=50"},{"taxonomy":"product_cat","embeddable":true,"href":"https:\/\/specifica.com.br\/site2024\/wp-json\/wp\/v2\/product_cat?post=50"},{"taxonomy":"product_tag","embeddable":true,"href":"https:\/\/specifica.com.br\/site2024\/wp-json\/wp\/v2\/product_tag?post=50"}],"curies":[{"name":"wp","href":"https:\/\/api.w.org\/{rel}","templated":true}]}}