{"id":3724,"date":"2025-12-02T13:41:30","date_gmt":"2025-12-02T13:41:30","guid":{"rendered":"https:\/\/specifica.com.br\/site2024\/?post_type=product&#038;p=3724"},"modified":"2025-12-02T13:48:28","modified_gmt":"2025-12-02T13:48:28","slug":"beauty-sleep","status":"publish","type":"product","link":"https:\/\/specifica.com.br\/site2024\/produto\/linha-facial\/hidratacao-facial\/beauty-sleep\/","title":{"rendered":"BEAUTY SLEEP"},"content":{"rendered":"","protected":false},"excerpt":{"rendered":"<p><b>Hidrata\u00e7\u00e3o, firmeza e elasticidade da pele<\/b>.<\/p>\n<p>S\u00e9rum lipof\u00edlico, rico em antioxidantes, promove harmoniza\u00e7\u00e3o do fluxo de \u00e1gua na epiderme e restaura\u00e7\u00e3o da barreira cut\u00e2nea, resultando em prote\u00e7\u00e3o e hidrata\u00e7\u00e3o da pele, com efeito prolongado.<\/p>\n<p>Modo de usar: Aplicar 5 gotas \u00e0 noite na face e \u00e1rea dos olhos, massageando bem, at\u00e9 permea\u00e7\u00e3o total. Pode ser adicionado ao seu skincare noturno ou diurno, ou 2 gotas na base de maquiagem. Sem parabenos, propilenoglicol, perfume e corante<\/p>\n","protected":false},"featured_media":3725,"comment_status":"open","ping_status":"closed","template":"","meta":{"_acf_changed":false},"product_brand":[],"product_cat":[59],"product_tag":[],"class_list":{"0":"post-3724","1":"product","2":"type-product","3":"status-publish","4":"has-post-thumbnail","6":"product_cat-hidratacao-facial","8":"first","9":"instock","10":"shipping-taxable","11":"product-type-simple"},"acf":[],"_links":{"self":[{"href":"https:\/\/specifica.com.br\/site2024\/wp-json\/wp\/v2\/product\/3724","targetHints":{"allow":["GET"]}}],"collection":[{"href":"https:\/\/specifica.com.br\/site2024\/wp-json\/wp\/v2\/product"}],"about":[{"href":"https:\/\/specifica.com.br\/site2024\/wp-json\/wp\/v2\/types\/product"}],"replies":[{"embeddable":true,"href":"https:\/\/specifica.com.br\/site2024\/wp-json\/wp\/v2\/comments?post=3724"}],"wp:featuredmedia":[{"embeddable":true,"href":"https:\/\/specifica.com.br\/site2024\/wp-json\/wp\/v2\/media\/3725"}],"wp:attachment":[{"href":"https:\/\/specifica.com.br\/site2024\/wp-json\/wp\/v2\/media?parent=3724"}],"wp:term":[{"taxonomy":"product_brand","embeddable":true,"href":"https:\/\/specifica.com.br\/site2024\/wp-json\/wp\/v2\/product_brand?post=3724"},{"taxonomy":"product_cat","embeddable":true,"href":"https:\/\/specifica.com.br\/site2024\/wp-json\/wp\/v2\/product_cat?post=3724"},{"taxonomy":"product_tag","embeddable":true,"href":"https:\/\/specifica.com.br\/site2024\/wp-json\/wp\/v2\/product_tag?post=3724"}],"curies":[{"name":"wp","href":"https:\/\/api.w.org\/{rel}","templated":true}]}}