{"id":3669,"date":"2025-09-19T15:04:43","date_gmt":"2025-09-19T15:04:43","guid":{"rendered":"https:\/\/specifica.com.br\/site2024\/?post_type=product&#038;p=3669"},"modified":"2025-09-19T15:08:48","modified_gmt":"2025-09-19T15:08:48","slug":"emulsao-revitalizante-facial-com-extrato-de-ostra-retinol-silicios-de-vitamina-c-e-filtro-solar","status":"publish","type":"product","link":"https:\/\/specifica.com.br\/site2024\/produto\/linha-facial\/hidratacao-facial-com-fotoprotecao\/emulsao-revitalizante-facial-com-extrato-de-ostra-retinol-silicios-de-vitamina-c-e-filtro-solar\/","title":{"rendered":"EMULS\u00c3O REVITALIZANTE FACIAL COM EXTRATO DE OSTRA RETINOL, SIL\u00cdCIOS DE VITAMINA C E FILTRO SOLAR"},"content":{"rendered":"","protected":false},"excerpt":{"rendered":"<p>Emuls\u00e3o fina e emoliente, n\u00e3o oleosa, hidrata sem deixar a pele com apar\u00eancia brilhante,\u00a0 protegendo-a das agress\u00f5es do sol. As nanosferas, presentes da f\u00f3rmula, s\u00e3o ativos cronol\u00f3gicos que liberam o hidratante durante v\u00e1rias horas do dia.<\/p>\n","protected":false},"featured_media":3670,"comment_status":"open","ping_status":"closed","template":"","meta":{"_acf_changed":false},"product_brand":[],"product_cat":[60],"product_tag":[],"class_list":{"0":"post-3669","1":"product","2":"type-product","3":"status-publish","4":"has-post-thumbnail","6":"product_cat-hidratacao-facial-com-fotoprotecao","8":"first","9":"instock","10":"shipping-taxable","11":"product-type-simple"},"acf":[],"_links":{"self":[{"href":"https:\/\/specifica.com.br\/site2024\/wp-json\/wp\/v2\/product\/3669","targetHints":{"allow":["GET"]}}],"collection":[{"href":"https:\/\/specifica.com.br\/site2024\/wp-json\/wp\/v2\/product"}],"about":[{"href":"https:\/\/specifica.com.br\/site2024\/wp-json\/wp\/v2\/types\/product"}],"replies":[{"embeddable":true,"href":"https:\/\/specifica.com.br\/site2024\/wp-json\/wp\/v2\/comments?post=3669"}],"wp:featuredmedia":[{"embeddable":true,"href":"https:\/\/specifica.com.br\/site2024\/wp-json\/wp\/v2\/media\/3670"}],"wp:attachment":[{"href":"https:\/\/specifica.com.br\/site2024\/wp-json\/wp\/v2\/media?parent=3669"}],"wp:term":[{"taxonomy":"product_brand","embeddable":true,"href":"https:\/\/specifica.com.br\/site2024\/wp-json\/wp\/v2\/product_brand?post=3669"},{"taxonomy":"product_cat","embeddable":true,"href":"https:\/\/specifica.com.br\/site2024\/wp-json\/wp\/v2\/product_cat?post=3669"},{"taxonomy":"product_tag","embeddable":true,"href":"https:\/\/specifica.com.br\/site2024\/wp-json\/wp\/v2\/product_tag?post=3669"}],"curies":[{"name":"wp","href":"https:\/\/api.w.org\/{rel}","templated":true}]}}