{"id":3613,"date":"2025-08-19T14:17:29","date_gmt":"2025-08-19T14:17:29","guid":{"rendered":"https:\/\/specifica.com.br\/site2024\/?post_type=product&#038;p=3613"},"modified":"2025-08-19T14:17:29","modified_gmt":"2025-08-19T14:17:29","slug":"creme-barreira-specifica","status":"publish","type":"product","link":"https:\/\/specifica.com.br\/site2024\/produto\/linha-corporal\/creme-barreira-specifica\/","title":{"rendered":"CREME BARREIRA SPECIFICA"},"content":{"rendered":"","protected":false},"excerpt":{"rendered":"<p>Hidrata\u00e7\u00e3o intensiva, al\u00e9m de suavizar ou prevenir les\u00f5es cut\u00e2neas, atrav\u00e9s da forma\u00e7\u00e3o de uma barreira de hidrata\u00e7\u00e3o.<br \/>\n\u00c1gua destilada, Cera NF, \u00f3leo de am\u00eandoas, vaselina l\u00edquida, vaselina s\u00f3lida, metil e propilparabeno, EDTA diss\u00f3dico, butilhidroxitolueno.<\/p>\n","protected":false},"featured_media":3614,"comment_status":"open","ping_status":"closed","template":"","meta":{"_acf_changed":false},"product_brand":[],"product_cat":[41],"product_tag":[],"class_list":{"0":"post-3613","1":"product","2":"type-product","3":"status-publish","4":"has-post-thumbnail","6":"product_cat-linha-corporal","8":"first","9":"instock","10":"shipping-taxable","11":"product-type-simple"},"acf":[],"_links":{"self":[{"href":"https:\/\/specifica.com.br\/site2024\/wp-json\/wp\/v2\/product\/3613","targetHints":{"allow":["GET"]}}],"collection":[{"href":"https:\/\/specifica.com.br\/site2024\/wp-json\/wp\/v2\/product"}],"about":[{"href":"https:\/\/specifica.com.br\/site2024\/wp-json\/wp\/v2\/types\/product"}],"replies":[{"embeddable":true,"href":"https:\/\/specifica.com.br\/site2024\/wp-json\/wp\/v2\/comments?post=3613"}],"wp:featuredmedia":[{"embeddable":true,"href":"https:\/\/specifica.com.br\/site2024\/wp-json\/wp\/v2\/media\/3614"}],"wp:attachment":[{"href":"https:\/\/specifica.com.br\/site2024\/wp-json\/wp\/v2\/media?parent=3613"}],"wp:term":[{"taxonomy":"product_brand","embeddable":true,"href":"https:\/\/specifica.com.br\/site2024\/wp-json\/wp\/v2\/product_brand?post=3613"},{"taxonomy":"product_cat","embeddable":true,"href":"https:\/\/specifica.com.br\/site2024\/wp-json\/wp\/v2\/product_cat?post=3613"},{"taxonomy":"product_tag","embeddable":true,"href":"https:\/\/specifica.com.br\/site2024\/wp-json\/wp\/v2\/product_tag?post=3613"}],"curies":[{"name":"wp","href":"https:\/\/api.w.org\/{rel}","templated":true}]}}