{"id":3610,"date":"2025-08-19T14:15:20","date_gmt":"2025-08-19T14:15:20","guid":{"rendered":"https:\/\/specifica.com.br\/site2024\/?post_type=product&#038;p=3610"},"modified":"2025-08-19T14:15:20","modified_gmt":"2025-08-19T14:15:20","slug":"creme-vaginal-barbatimao-melaleuca-propolis","status":"publish","type":"product","link":"https:\/\/specifica.com.br\/site2024\/produto\/sem-categoria\/creme-vaginal-barbatimao-melaleuca-propolis\/","title":{"rendered":"CREME VAGINAL BARBATIM\u00c3O, MELALEUCA &#038; PROP\u00d3LIS"},"content":{"rendered":"","protected":false},"excerpt":{"rendered":"<p>Usar \u00e0 noite, antes de dormir, 1 a 3 vezes na semana, diminuindo a frequ\u00eancia de acordo com a diminui\u00e7\u00e3o dos sintomas. (Acompanha 3 aplicadores).<br \/>\nTintura Barbatim\u00e3o 10% \u00d3leo Melaleuca 1% Extrato Pr\u00f3polis 0,1% Creme Vaginal<\/p>\n","protected":false},"featured_media":3611,"comment_status":"open","ping_status":"closed","template":"","meta":{"_acf_changed":false},"product_brand":[],"product_cat":[17],"product_tag":[],"class_list":{"0":"post-3610","1":"product","2":"type-product","3":"status-publish","4":"has-post-thumbnail","6":"product_cat-sem-categoria","8":"first","9":"instock","10":"shipping-taxable","11":"product-type-simple"},"acf":[],"_links":{"self":[{"href":"https:\/\/specifica.com.br\/site2024\/wp-json\/wp\/v2\/product\/3610","targetHints":{"allow":["GET"]}}],"collection":[{"href":"https:\/\/specifica.com.br\/site2024\/wp-json\/wp\/v2\/product"}],"about":[{"href":"https:\/\/specifica.com.br\/site2024\/wp-json\/wp\/v2\/types\/product"}],"replies":[{"embeddable":true,"href":"https:\/\/specifica.com.br\/site2024\/wp-json\/wp\/v2\/comments?post=3610"}],"wp:featuredmedia":[{"embeddable":true,"href":"https:\/\/specifica.com.br\/site2024\/wp-json\/wp\/v2\/media\/3611"}],"wp:attachment":[{"href":"https:\/\/specifica.com.br\/site2024\/wp-json\/wp\/v2\/media?parent=3610"}],"wp:term":[{"taxonomy":"product_brand","embeddable":true,"href":"https:\/\/specifica.com.br\/site2024\/wp-json\/wp\/v2\/product_brand?post=3610"},{"taxonomy":"product_cat","embeddable":true,"href":"https:\/\/specifica.com.br\/site2024\/wp-json\/wp\/v2\/product_cat?post=3610"},{"taxonomy":"product_tag","embeddable":true,"href":"https:\/\/specifica.com.br\/site2024\/wp-json\/wp\/v2\/product_tag?post=3610"}],"curies":[{"name":"wp","href":"https:\/\/api.w.org\/{rel}","templated":true}]}}