{"id":3601,"date":"2025-08-14T11:41:00","date_gmt":"2025-08-14T11:41:00","guid":{"rendered":"https:\/\/specifica.com.br\/site2024\/?post_type=product&#038;p=3601"},"modified":"2025-08-14T11:41:01","modified_gmt":"2025-08-14T11:41:01","slug":"fluido-protetor-capilar-repelente-de-piolhos-2","status":"publish","type":"product","link":"https:\/\/specifica.com.br\/site2024\/produto\/linha-repelentes-e-calmantes-de-picadas\/fluido-protetor-capilar-repelente-de-piolhos-2\/","title":{"rendered":"FLUIDO PROTETOR CAPILAR REPELENTE DE PIOLHOS"},"content":{"rendered":"","protected":false},"excerpt":{"rendered":"<p>S\u00e9rum de toque sedoso, protege os fios de cabelos contra os raios solares, regenerando a cut\u00edculas dando brilho e com a\u00e7\u00e3o repelente de piolhos.<\/p>\n<p>Indicado para crian\u00e7as e adultos com facilidade de contamina\u00e7\u00e3o pelo parasita, principalmente nos meses de calor intenso.<\/p>\n<p>Repelente Merck 25% Filtro solar 5% Silicone fluido<\/p>\n","protected":false},"featured_media":3602,"comment_status":"open","ping_status":"closed","template":"","meta":{"_acf_changed":false},"product_brand":[],"product_cat":[70],"product_tag":[],"class_list":{"0":"post-3601","1":"product","2":"type-product","3":"status-publish","4":"has-post-thumbnail","6":"product_cat-linha-repelentes-e-calmantes-de-picadas","8":"first","9":"instock","10":"shipping-taxable","11":"product-type-simple"},"acf":[],"_links":{"self":[{"href":"https:\/\/specifica.com.br\/site2024\/wp-json\/wp\/v2\/product\/3601","targetHints":{"allow":["GET"]}}],"collection":[{"href":"https:\/\/specifica.com.br\/site2024\/wp-json\/wp\/v2\/product"}],"about":[{"href":"https:\/\/specifica.com.br\/site2024\/wp-json\/wp\/v2\/types\/product"}],"replies":[{"embeddable":true,"href":"https:\/\/specifica.com.br\/site2024\/wp-json\/wp\/v2\/comments?post=3601"}],"wp:featuredmedia":[{"embeddable":true,"href":"https:\/\/specifica.com.br\/site2024\/wp-json\/wp\/v2\/media\/3602"}],"wp:attachment":[{"href":"https:\/\/specifica.com.br\/site2024\/wp-json\/wp\/v2\/media?parent=3601"}],"wp:term":[{"taxonomy":"product_brand","embeddable":true,"href":"https:\/\/specifica.com.br\/site2024\/wp-json\/wp\/v2\/product_brand?post=3601"},{"taxonomy":"product_cat","embeddable":true,"href":"https:\/\/specifica.com.br\/site2024\/wp-json\/wp\/v2\/product_cat?post=3601"},{"taxonomy":"product_tag","embeddable":true,"href":"https:\/\/specifica.com.br\/site2024\/wp-json\/wp\/v2\/product_tag?post=3601"}],"curies":[{"name":"wp","href":"https:\/\/api.w.org\/{rel}","templated":true}]}}