{"id":3598,"date":"2025-08-14T11:35:21","date_gmt":"2025-08-14T11:35:21","guid":{"rendered":"https:\/\/specifica.com.br\/site2024\/?post_type=product&#038;p=3598"},"modified":"2025-08-14T11:37:58","modified_gmt":"2025-08-14T11:37:58","slug":"ilumine-c","status":"publish","type":"product","link":"https:\/\/specifica.com.br\/site2024\/produto\/linha-facial\/ilumine-c\/","title":{"rendered":"ILUMINE C"},"content":{"rendered":"","protected":false},"excerpt":{"rendered":"<p>S\u00e9rum com alto poder de hidrata\u00e7\u00e3o facial, utiliza a vitamina C pura, n\u00e3o i\u00f4nica e est\u00e1vel, capaz de aumentar a radi\u00e2ncia da pele, al\u00e9m de inibir a a\u00e7\u00e3o dos radicais livres e promover a renova\u00e7\u00e3o celular, tornando a pele iluminada com uma beleza natural.<\/p>\n","protected":false},"featured_media":3599,"comment_status":"open","ping_status":"closed","template":"","meta":{"_acf_changed":false},"product_brand":[],"product_cat":[40],"product_tag":[],"class_list":{"0":"post-3598","1":"product","2":"type-product","3":"status-publish","4":"has-post-thumbnail","6":"product_cat-linha-facial","8":"first","9":"instock","10":"shipping-taxable","11":"product-type-simple"},"acf":[],"_links":{"self":[{"href":"https:\/\/specifica.com.br\/site2024\/wp-json\/wp\/v2\/product\/3598","targetHints":{"allow":["GET"]}}],"collection":[{"href":"https:\/\/specifica.com.br\/site2024\/wp-json\/wp\/v2\/product"}],"about":[{"href":"https:\/\/specifica.com.br\/site2024\/wp-json\/wp\/v2\/types\/product"}],"replies":[{"embeddable":true,"href":"https:\/\/specifica.com.br\/site2024\/wp-json\/wp\/v2\/comments?post=3598"}],"wp:featuredmedia":[{"embeddable":true,"href":"https:\/\/specifica.com.br\/site2024\/wp-json\/wp\/v2\/media\/3599"}],"wp:attachment":[{"href":"https:\/\/specifica.com.br\/site2024\/wp-json\/wp\/v2\/media?parent=3598"}],"wp:term":[{"taxonomy":"product_brand","embeddable":true,"href":"https:\/\/specifica.com.br\/site2024\/wp-json\/wp\/v2\/product_brand?post=3598"},{"taxonomy":"product_cat","embeddable":true,"href":"https:\/\/specifica.com.br\/site2024\/wp-json\/wp\/v2\/product_cat?post=3598"},{"taxonomy":"product_tag","embeddable":true,"href":"https:\/\/specifica.com.br\/site2024\/wp-json\/wp\/v2\/product_tag?post=3598"}],"curies":[{"name":"wp","href":"https:\/\/api.w.org\/{rel}","templated":true}]}}