{"id":3595,"date":"2025-08-11T15:42:12","date_gmt":"2025-08-11T15:42:12","guid":{"rendered":"https:\/\/specifica.com.br\/site2024\/?post_type=product&#038;p=3595"},"modified":"2025-08-11T15:42:12","modified_gmt":"2025-08-11T15:42:12","slug":"gel-equilibrante-com-microesponjas","status":"publish","type":"product","link":"https:\/\/specifica.com.br\/site2024\/produto\/linha-facial\/gel-equilibrante-com-microesponjas\/","title":{"rendered":"GEL EQUILIBRANTE COM MICROESPONJAS"},"content":{"rendered":"","protected":false},"excerpt":{"rendered":"<p>Gel a\u00e7\u00e3o seletiva, promove a absor\u00e7\u00e3o da secre\u00e7\u00e3o seb\u00e1cea da pele pela deposi\u00e7\u00e3o superficial das microesponjas. Reequilibra a oleosidade deixando a pele com toque seco e sedoso.<\/p>\n<p>Pode ser usado antes da maquiagem para aumentar a sua durabilidade.<\/p>\n","protected":false},"featured_media":3596,"comment_status":"open","ping_status":"closed","template":"","meta":{"_acf_changed":false},"product_brand":[],"product_cat":[40],"product_tag":[],"class_list":{"0":"post-3595","1":"product","2":"type-product","3":"status-publish","4":"has-post-thumbnail","6":"product_cat-linha-facial","8":"first","9":"instock","10":"shipping-taxable","11":"product-type-simple"},"acf":[],"_links":{"self":[{"href":"https:\/\/specifica.com.br\/site2024\/wp-json\/wp\/v2\/product\/3595","targetHints":{"allow":["GET"]}}],"collection":[{"href":"https:\/\/specifica.com.br\/site2024\/wp-json\/wp\/v2\/product"}],"about":[{"href":"https:\/\/specifica.com.br\/site2024\/wp-json\/wp\/v2\/types\/product"}],"replies":[{"embeddable":true,"href":"https:\/\/specifica.com.br\/site2024\/wp-json\/wp\/v2\/comments?post=3595"}],"wp:featuredmedia":[{"embeddable":true,"href":"https:\/\/specifica.com.br\/site2024\/wp-json\/wp\/v2\/media\/3596"}],"wp:attachment":[{"href":"https:\/\/specifica.com.br\/site2024\/wp-json\/wp\/v2\/media?parent=3595"}],"wp:term":[{"taxonomy":"product_brand","embeddable":true,"href":"https:\/\/specifica.com.br\/site2024\/wp-json\/wp\/v2\/product_brand?post=3595"},{"taxonomy":"product_cat","embeddable":true,"href":"https:\/\/specifica.com.br\/site2024\/wp-json\/wp\/v2\/product_cat?post=3595"},{"taxonomy":"product_tag","embeddable":true,"href":"https:\/\/specifica.com.br\/site2024\/wp-json\/wp\/v2\/product_tag?post=3595"}],"curies":[{"name":"wp","href":"https:\/\/api.w.org\/{rel}","templated":true}]}}