{"id":3581,"date":"2025-08-11T15:14:05","date_gmt":"2025-08-11T15:14:05","guid":{"rendered":"https:\/\/specifica.com.br\/site2024\/?post_type=product&#038;p=3581"},"modified":"2025-08-11T15:14:54","modified_gmt":"2025-08-11T15:14:54","slug":"shampoo-de-cetoconazol","status":"publish","type":"product","link":"https:\/\/specifica.com.br\/site2024\/produto\/linha-capilar\/shampoo\/shampoo-de-cetoconazol\/","title":{"rendered":"SHAMPOO DE CETOCONAZOL"},"content":{"rendered":"","protected":false},"excerpt":{"rendered":"<p>Shampoo neutro com Cetoconazol 2%, tem a\u00e7\u00e3o antif\u00fangica, elimina a caspa deixando os cabelos e o couro cabeludo saud\u00e1veis. Promove um brilho e prote\u00e7\u00e3o aos fios atrav\u00e9s do hidrolisado de col\u00e1geno.<\/p>\n","protected":false},"featured_media":3582,"comment_status":"open","ping_status":"closed","template":"","meta":{"_acf_changed":false},"product_brand":[],"product_cat":[46,49],"product_tag":[],"class_list":{"0":"post-3581","1":"product","2":"type-product","3":"status-publish","4":"has-post-thumbnail","6":"product_cat-linha-capilar","7":"product_cat-shampoo","9":"first","10":"instock","11":"shipping-taxable","12":"product-type-simple"},"acf":[],"_links":{"self":[{"href":"https:\/\/specifica.com.br\/site2024\/wp-json\/wp\/v2\/product\/3581","targetHints":{"allow":["GET"]}}],"collection":[{"href":"https:\/\/specifica.com.br\/site2024\/wp-json\/wp\/v2\/product"}],"about":[{"href":"https:\/\/specifica.com.br\/site2024\/wp-json\/wp\/v2\/types\/product"}],"replies":[{"embeddable":true,"href":"https:\/\/specifica.com.br\/site2024\/wp-json\/wp\/v2\/comments?post=3581"}],"wp:featuredmedia":[{"embeddable":true,"href":"https:\/\/specifica.com.br\/site2024\/wp-json\/wp\/v2\/media\/3582"}],"wp:attachment":[{"href":"https:\/\/specifica.com.br\/site2024\/wp-json\/wp\/v2\/media?parent=3581"}],"wp:term":[{"taxonomy":"product_brand","embeddable":true,"href":"https:\/\/specifica.com.br\/site2024\/wp-json\/wp\/v2\/product_brand?post=3581"},{"taxonomy":"product_cat","embeddable":true,"href":"https:\/\/specifica.com.br\/site2024\/wp-json\/wp\/v2\/product_cat?post=3581"},{"taxonomy":"product_tag","embeddable":true,"href":"https:\/\/specifica.com.br\/site2024\/wp-json\/wp\/v2\/product_tag?post=3581"}],"curies":[{"name":"wp","href":"https:\/\/api.w.org\/{rel}","templated":true}]}}