{"id":3578,"date":"2025-08-11T15:09:43","date_gmt":"2025-08-11T15:09:43","guid":{"rendered":"https:\/\/specifica.com.br\/site2024\/?post_type=product&#038;p=3578"},"modified":"2025-08-11T15:09:43","modified_gmt":"2025-08-11T15:09:43","slug":"locao-condicionadora-vitamina-b5-e-aminoacidos-da-seda","status":"publish","type":"product","link":"https:\/\/specifica.com.br\/site2024\/produto\/linha-capilar\/condicionador\/locao-condicionadora-vitamina-b5-e-aminoacidos-da-seda\/","title":{"rendered":"LO\u00c7\u00c3O CONDICIONADORA VITAMINA B5 E AMINO\u00c1CIDOS DA SEDA"},"content":{"rendered":"","protected":false},"excerpt":{"rendered":"<p>Lo\u00e7\u00e3o siliconizada de condicionamento suave, especialmente formulada, dando volume e leveza aos cabelos normais e ligeiramente oleosos.<\/p>\n","protected":false},"featured_media":3579,"comment_status":"open","ping_status":"closed","template":"","meta":{"_acf_changed":false},"product_brand":[],"product_cat":[47,46],"product_tag":[],"class_list":{"0":"post-3578","1":"product","2":"type-product","3":"status-publish","4":"has-post-thumbnail","6":"product_cat-condicionador","7":"product_cat-linha-capilar","9":"first","10":"instock","11":"shipping-taxable","12":"product-type-simple"},"acf":[],"_links":{"self":[{"href":"https:\/\/specifica.com.br\/site2024\/wp-json\/wp\/v2\/product\/3578","targetHints":{"allow":["GET"]}}],"collection":[{"href":"https:\/\/specifica.com.br\/site2024\/wp-json\/wp\/v2\/product"}],"about":[{"href":"https:\/\/specifica.com.br\/site2024\/wp-json\/wp\/v2\/types\/product"}],"replies":[{"embeddable":true,"href":"https:\/\/specifica.com.br\/site2024\/wp-json\/wp\/v2\/comments?post=3578"}],"wp:featuredmedia":[{"embeddable":true,"href":"https:\/\/specifica.com.br\/site2024\/wp-json\/wp\/v2\/media\/3579"}],"wp:attachment":[{"href":"https:\/\/specifica.com.br\/site2024\/wp-json\/wp\/v2\/media?parent=3578"}],"wp:term":[{"taxonomy":"product_brand","embeddable":true,"href":"https:\/\/specifica.com.br\/site2024\/wp-json\/wp\/v2\/product_brand?post=3578"},{"taxonomy":"product_cat","embeddable":true,"href":"https:\/\/specifica.com.br\/site2024\/wp-json\/wp\/v2\/product_cat?post=3578"},{"taxonomy":"product_tag","embeddable":true,"href":"https:\/\/specifica.com.br\/site2024\/wp-json\/wp\/v2\/product_tag?post=3578"}],"curies":[{"name":"wp","href":"https:\/\/api.w.org\/{rel}","templated":true}]}}