{"id":3560,"date":"2025-06-20T16:24:01","date_gmt":"2025-06-20T16:24:01","guid":{"rendered":"https:\/\/specifica.com.br\/site2024\/?post_type=product&#038;p=3560"},"modified":"2025-06-20T16:28:06","modified_gmt":"2025-06-20T16:28:06","slug":"locao-tonica-reequilibrante-facial-achillea-milflores-e-hamamelis","status":"publish","type":"product","link":"https:\/\/specifica.com.br\/site2024\/produto\/linha-facial\/limpeza-de-pele-e-tonificacao\/locao-tonica-reequilibrante-facial-achillea-milflores-e-hamamelis\/","title":{"rendered":"LO\u00c7\u00c3O T\u00d4NICA REEQUILIBRANTE FACIAL ACHILLEA MILFLORES E HAMAMELIS"},"content":{"rendered":"","protected":false},"excerpt":{"rendered":"<p>Lo\u00e7\u00e3o t\u00f4nica floral, normaliza o pH da pele mista, limpando e hidratando, sem ressecar.<\/p>\n<p><strong>\u00a0<\/strong><\/p>\n","protected":false},"featured_media":3561,"comment_status":"open","ping_status":"closed","template":"","meta":{"_acf_changed":false},"product_brand":[],"product_cat":[61],"product_tag":[],"class_list":{"0":"post-3560","1":"product","2":"type-product","3":"status-publish","4":"has-post-thumbnail","6":"product_cat-limpeza-de-pele-e-tonificacao","8":"first","9":"instock","10":"shipping-taxable","11":"product-type-simple"},"acf":[],"_links":{"self":[{"href":"https:\/\/specifica.com.br\/site2024\/wp-json\/wp\/v2\/product\/3560","targetHints":{"allow":["GET"]}}],"collection":[{"href":"https:\/\/specifica.com.br\/site2024\/wp-json\/wp\/v2\/product"}],"about":[{"href":"https:\/\/specifica.com.br\/site2024\/wp-json\/wp\/v2\/types\/product"}],"replies":[{"embeddable":true,"href":"https:\/\/specifica.com.br\/site2024\/wp-json\/wp\/v2\/comments?post=3560"}],"wp:featuredmedia":[{"embeddable":true,"href":"https:\/\/specifica.com.br\/site2024\/wp-json\/wp\/v2\/media\/3561"}],"wp:attachment":[{"href":"https:\/\/specifica.com.br\/site2024\/wp-json\/wp\/v2\/media?parent=3560"}],"wp:term":[{"taxonomy":"product_brand","embeddable":true,"href":"https:\/\/specifica.com.br\/site2024\/wp-json\/wp\/v2\/product_brand?post=3560"},{"taxonomy":"product_cat","embeddable":true,"href":"https:\/\/specifica.com.br\/site2024\/wp-json\/wp\/v2\/product_cat?post=3560"},{"taxonomy":"product_tag","embeddable":true,"href":"https:\/\/specifica.com.br\/site2024\/wp-json\/wp\/v2\/product_tag?post=3560"}],"curies":[{"name":"wp","href":"https:\/\/api.w.org\/{rel}","templated":true}]}}