{"id":3552,"date":"2025-06-20T12:49:27","date_gmt":"2025-06-20T12:49:27","guid":{"rendered":"https:\/\/specifica.com.br\/site2024\/?post_type=product&#038;p=3552"},"modified":"2025-06-20T13:01:26","modified_gmt":"2025-06-20T13:01:26","slug":"spray-de-citronela-repelente-de-insetos","status":"publish","type":"product","link":"https:\/\/specifica.com.br\/site2024\/produto\/linha-repelentes-e-calmantes-de-picadas\/spray-de-citronela-repelente-de-insetos\/","title":{"rendered":"SPRAY DE CITRONELA REPELENTE DE INSETOS"},"content":{"rendered":"","protected":false},"excerpt":{"rendered":"<p>Ele age sobre pernilongos, borrachudos e demais insetos voadores que picam. Pode ser aplicado na pele desde que comprove a aus\u00eancia de rea\u00e7\u00f5es al\u00e9rgicas e de sensibilidade.<\/p>\n<p>&nbsp;<\/p>\n<h3><\/h3>\n","protected":false},"featured_media":3553,"comment_status":"open","ping_status":"closed","template":"","meta":{"_acf_changed":false},"product_brand":[],"product_cat":[70],"product_tag":[],"class_list":{"0":"post-3552","1":"product","2":"type-product","3":"status-publish","4":"has-post-thumbnail","6":"product_cat-linha-repelentes-e-calmantes-de-picadas","8":"first","9":"instock","10":"shipping-taxable","11":"product-type-simple"},"acf":[],"_links":{"self":[{"href":"https:\/\/specifica.com.br\/site2024\/wp-json\/wp\/v2\/product\/3552","targetHints":{"allow":["GET"]}}],"collection":[{"href":"https:\/\/specifica.com.br\/site2024\/wp-json\/wp\/v2\/product"}],"about":[{"href":"https:\/\/specifica.com.br\/site2024\/wp-json\/wp\/v2\/types\/product"}],"replies":[{"embeddable":true,"href":"https:\/\/specifica.com.br\/site2024\/wp-json\/wp\/v2\/comments?post=3552"}],"wp:featuredmedia":[{"embeddable":true,"href":"https:\/\/specifica.com.br\/site2024\/wp-json\/wp\/v2\/media\/3553"}],"wp:attachment":[{"href":"https:\/\/specifica.com.br\/site2024\/wp-json\/wp\/v2\/media?parent=3552"}],"wp:term":[{"taxonomy":"product_brand","embeddable":true,"href":"https:\/\/specifica.com.br\/site2024\/wp-json\/wp\/v2\/product_brand?post=3552"},{"taxonomy":"product_cat","embeddable":true,"href":"https:\/\/specifica.com.br\/site2024\/wp-json\/wp\/v2\/product_cat?post=3552"},{"taxonomy":"product_tag","embeddable":true,"href":"https:\/\/specifica.com.br\/site2024\/wp-json\/wp\/v2\/product_tag?post=3552"}],"curies":[{"name":"wp","href":"https:\/\/api.w.org\/{rel}","templated":true}]}}