{"id":3503,"date":"2025-06-18T16:40:01","date_gmt":"2025-06-18T16:40:01","guid":{"rendered":"https:\/\/specifica.com.br\/site2024\/?post_type=product&#038;p=3503"},"modified":"2025-06-18T16:43:57","modified_gmt":"2025-06-18T16:43:57","slug":"sabonete-neutro-frutas-vermelhas-pantenol","status":"publish","type":"product","link":"https:\/\/specifica.com.br\/site2024\/produto\/linha-sabonetes\/sabonete-neutro-frutas-vermelhas-pantenol\/","title":{"rendered":"SABONETE NEUTRO FRUTAS VERMELHAS &#038; PANTENOL"},"content":{"rendered":"","protected":false},"excerpt":{"rendered":"<p class=\"Standard\" style=\"margin-right: 2.1pt; text-align: justify; tab-stops: 106.35pt 127.6pt; layout-grid-mode: char;\"><span style=\"font-size: 12.0pt;\">Sabonete com pH fisiol\u00f3gico, possuem grande quantidade de antocianinas e vitamina C, com a\u00e7\u00e3o antioxidante, diminuindo os efeitos danosos dos radicais livres, gerados pelos agentes agressores, deixando uma agrad\u00e1vel sensa\u00e7\u00e3o de suavidade na pele.<\/span><\/p>\n","protected":false},"featured_media":3504,"comment_status":"open","ping_status":"closed","template":"","meta":{"_acf_changed":false},"product_brand":[],"product_cat":[71],"product_tag":[],"class_list":{"0":"post-3503","1":"product","2":"type-product","3":"status-publish","4":"has-post-thumbnail","6":"product_cat-linha-sabonetes","8":"first","9":"instock","10":"shipping-taxable","11":"product-type-simple"},"acf":[],"_links":{"self":[{"href":"https:\/\/specifica.com.br\/site2024\/wp-json\/wp\/v2\/product\/3503","targetHints":{"allow":["GET"]}}],"collection":[{"href":"https:\/\/specifica.com.br\/site2024\/wp-json\/wp\/v2\/product"}],"about":[{"href":"https:\/\/specifica.com.br\/site2024\/wp-json\/wp\/v2\/types\/product"}],"replies":[{"embeddable":true,"href":"https:\/\/specifica.com.br\/site2024\/wp-json\/wp\/v2\/comments?post=3503"}],"wp:featuredmedia":[{"embeddable":true,"href":"https:\/\/specifica.com.br\/site2024\/wp-json\/wp\/v2\/media\/3504"}],"wp:attachment":[{"href":"https:\/\/specifica.com.br\/site2024\/wp-json\/wp\/v2\/media?parent=3503"}],"wp:term":[{"taxonomy":"product_brand","embeddable":true,"href":"https:\/\/specifica.com.br\/site2024\/wp-json\/wp\/v2\/product_brand?post=3503"},{"taxonomy":"product_cat","embeddable":true,"href":"https:\/\/specifica.com.br\/site2024\/wp-json\/wp\/v2\/product_cat?post=3503"},{"taxonomy":"product_tag","embeddable":true,"href":"https:\/\/specifica.com.br\/site2024\/wp-json\/wp\/v2\/product_tag?post=3503"}],"curies":[{"name":"wp","href":"https:\/\/api.w.org\/{rel}","templated":true}]}}