{"id":3500,"date":"2025-06-18T16:35:58","date_gmt":"2025-06-18T16:35:58","guid":{"rendered":"https:\/\/specifica.com.br\/site2024\/?post_type=product&#038;p=3500"},"modified":"2025-06-18T16:39:51","modified_gmt":"2025-06-18T16:39:51","slug":"sabonete-neutro-angelica","status":"publish","type":"product","link":"https:\/\/specifica.com.br\/site2024\/produto\/linha-sabonetes\/sabonete-neutro-angelica\/","title":{"rendered":"SABONETE NEUTRO ANG\u00c9LICA"},"content":{"rendered":"","protected":false},"excerpt":{"rendered":"<p>Sabonete suave com pH fisiol\u00f3gico e extrato natural de ang\u00e9lica, higieniza e remove as impurezas com a\u00e7\u00e3o bactericida na pele sens\u00edvel, seca e descamativa.<\/p>\n","protected":false},"featured_media":3501,"comment_status":"open","ping_status":"closed","template":"","meta":{"_acf_changed":false},"product_brand":[],"product_cat":[71],"product_tag":[],"class_list":{"0":"post-3500","1":"product","2":"type-product","3":"status-publish","4":"has-post-thumbnail","6":"product_cat-linha-sabonetes","8":"first","9":"instock","10":"shipping-taxable","11":"product-type-simple"},"acf":[],"_links":{"self":[{"href":"https:\/\/specifica.com.br\/site2024\/wp-json\/wp\/v2\/product\/3500","targetHints":{"allow":["GET"]}}],"collection":[{"href":"https:\/\/specifica.com.br\/site2024\/wp-json\/wp\/v2\/product"}],"about":[{"href":"https:\/\/specifica.com.br\/site2024\/wp-json\/wp\/v2\/types\/product"}],"replies":[{"embeddable":true,"href":"https:\/\/specifica.com.br\/site2024\/wp-json\/wp\/v2\/comments?post=3500"}],"wp:featuredmedia":[{"embeddable":true,"href":"https:\/\/specifica.com.br\/site2024\/wp-json\/wp\/v2\/media\/3501"}],"wp:attachment":[{"href":"https:\/\/specifica.com.br\/site2024\/wp-json\/wp\/v2\/media?parent=3500"}],"wp:term":[{"taxonomy":"product_brand","embeddable":true,"href":"https:\/\/specifica.com.br\/site2024\/wp-json\/wp\/v2\/product_brand?post=3500"},{"taxonomy":"product_cat","embeddable":true,"href":"https:\/\/specifica.com.br\/site2024\/wp-json\/wp\/v2\/product_cat?post=3500"},{"taxonomy":"product_tag","embeddable":true,"href":"https:\/\/specifica.com.br\/site2024\/wp-json\/wp\/v2\/product_tag?post=3500"}],"curies":[{"name":"wp","href":"https:\/\/api.w.org\/{rel}","templated":true}]}}