{"id":3494,"date":"2025-06-18T16:20:30","date_gmt":"2025-06-18T16:20:30","guid":{"rendered":"https:\/\/specifica.com.br\/site2024\/?post_type=product&#038;p=3494"},"modified":"2025-06-18T16:57:27","modified_gmt":"2025-06-18T16:57:27","slug":"sabonete-neutro-achillea-milflores","status":"publish","type":"product","link":"https:\/\/specifica.com.br\/site2024\/produto\/linha-sabonetes\/sabonete-neutro-achillea-milflores\/","title":{"rendered":"SABONETE NEUTRO ACHILLEA MILFLORES"},"content":{"rendered":"","protected":false},"excerpt":{"rendered":"<p>Sabonete refrescante com pH fisiol\u00f3gico, cont\u00e9m extrato de Achillea e milflores, age removendo as impurezas e deixando um agrad\u00e1vel efeito suavizante na pele.<\/p>\n","protected":false},"featured_media":3495,"comment_status":"open","ping_status":"closed","template":"","meta":{"_acf_changed":false},"product_brand":[],"product_cat":[71],"product_tag":[],"class_list":{"0":"post-3494","1":"product","2":"type-product","3":"status-publish","4":"has-post-thumbnail","6":"product_cat-linha-sabonetes","8":"first","9":"instock","10":"shipping-taxable","11":"product-type-simple"},"acf":[],"_links":{"self":[{"href":"https:\/\/specifica.com.br\/site2024\/wp-json\/wp\/v2\/product\/3494","targetHints":{"allow":["GET"]}}],"collection":[{"href":"https:\/\/specifica.com.br\/site2024\/wp-json\/wp\/v2\/product"}],"about":[{"href":"https:\/\/specifica.com.br\/site2024\/wp-json\/wp\/v2\/types\/product"}],"replies":[{"embeddable":true,"href":"https:\/\/specifica.com.br\/site2024\/wp-json\/wp\/v2\/comments?post=3494"}],"wp:featuredmedia":[{"embeddable":true,"href":"https:\/\/specifica.com.br\/site2024\/wp-json\/wp\/v2\/media\/3495"}],"wp:attachment":[{"href":"https:\/\/specifica.com.br\/site2024\/wp-json\/wp\/v2\/media?parent=3494"}],"wp:term":[{"taxonomy":"product_brand","embeddable":true,"href":"https:\/\/specifica.com.br\/site2024\/wp-json\/wp\/v2\/product_brand?post=3494"},{"taxonomy":"product_cat","embeddable":true,"href":"https:\/\/specifica.com.br\/site2024\/wp-json\/wp\/v2\/product_cat?post=3494"},{"taxonomy":"product_tag","embeddable":true,"href":"https:\/\/specifica.com.br\/site2024\/wp-json\/wp\/v2\/product_tag?post=3494"}],"curies":[{"name":"wp","href":"https:\/\/api.w.org\/{rel}","templated":true}]}}