{"id":3491,"date":"2025-06-18T16:15:19","date_gmt":"2025-06-18T16:15:19","guid":{"rendered":"https:\/\/specifica.com.br\/site2024\/?post_type=product&#038;p=3491"},"modified":"2025-06-18T16:19:18","modified_gmt":"2025-06-18T16:19:18","slug":"regenera","status":"publish","type":"product","link":"https:\/\/specifica.com.br\/site2024\/produto\/linha-pes-maos-e-unhas\/unhas\/regenera\/","title":{"rendered":"REGENERA"},"content":{"rendered":"","protected":false},"excerpt":{"rendered":"<p>Forma pel\u00edcula para permea\u00e7\u00e3o dos ativos, aumentando a resist\u00eancia e flexibilidade.<\/p>\n<p>Cont\u00e9m: Ureia, canfora, mentol, \u00f3leo de melaleuca, tomilho, eucalipto e b\u00e1lsamos.<\/p>\n","protected":false},"featured_media":3492,"comment_status":"open","ping_status":"closed","template":"","meta":{"_acf_changed":false},"product_brand":[],"product_cat":[69],"product_tag":[],"class_list":{"0":"post-3491","1":"product","2":"type-product","3":"status-publish","4":"has-post-thumbnail","6":"product_cat-unhas","8":"first","9":"instock","10":"shipping-taxable","11":"product-type-simple"},"acf":[],"_links":{"self":[{"href":"https:\/\/specifica.com.br\/site2024\/wp-json\/wp\/v2\/product\/3491","targetHints":{"allow":["GET"]}}],"collection":[{"href":"https:\/\/specifica.com.br\/site2024\/wp-json\/wp\/v2\/product"}],"about":[{"href":"https:\/\/specifica.com.br\/site2024\/wp-json\/wp\/v2\/types\/product"}],"replies":[{"embeddable":true,"href":"https:\/\/specifica.com.br\/site2024\/wp-json\/wp\/v2\/comments?post=3491"}],"wp:featuredmedia":[{"embeddable":true,"href":"https:\/\/specifica.com.br\/site2024\/wp-json\/wp\/v2\/media\/3492"}],"wp:attachment":[{"href":"https:\/\/specifica.com.br\/site2024\/wp-json\/wp\/v2\/media?parent=3491"}],"wp:term":[{"taxonomy":"product_brand","embeddable":true,"href":"https:\/\/specifica.com.br\/site2024\/wp-json\/wp\/v2\/product_brand?post=3491"},{"taxonomy":"product_cat","embeddable":true,"href":"https:\/\/specifica.com.br\/site2024\/wp-json\/wp\/v2\/product_cat?post=3491"},{"taxonomy":"product_tag","embeddable":true,"href":"https:\/\/specifica.com.br\/site2024\/wp-json\/wp\/v2\/product_tag?post=3491"}],"curies":[{"name":"wp","href":"https:\/\/api.w.org\/{rel}","templated":true}]}}