{"id":3488,"date":"2025-06-18T16:06:07","date_gmt":"2025-06-18T16:06:07","guid":{"rendered":"https:\/\/specifica.com.br\/site2024\/?post_type=product&#038;p=3488"},"modified":"2025-06-18T16:14:32","modified_gmt":"2025-06-18T16:14:32","slug":"primer-tensor","status":"publish","type":"product","link":"https:\/\/specifica.com.br\/site2024\/produto\/linha-facial\/pre-maquiagem\/primer-tensor\/","title":{"rendered":"PRIMER TENSOR"},"content":{"rendered":"","protected":false},"excerpt":{"rendered":"<p>Gel de toque suave e delicado, ajuda na aplica\u00e7\u00e3o da maquiagem com a absor\u00e7\u00e3o da oleosidade, tirando brilho da pele para um acabamento perfeito.<\/p>\n","protected":false},"featured_media":3489,"comment_status":"open","ping_status":"closed","template":"","meta":{"_acf_changed":false},"product_brand":[],"product_cat":[40,62],"product_tag":[],"class_list":{"0":"post-3488","1":"product","2":"type-product","3":"status-publish","4":"has-post-thumbnail","6":"product_cat-linha-facial","7":"product_cat-pre-maquiagem","9":"first","10":"instock","11":"shipping-taxable","12":"product-type-simple"},"acf":[],"_links":{"self":[{"href":"https:\/\/specifica.com.br\/site2024\/wp-json\/wp\/v2\/product\/3488","targetHints":{"allow":["GET"]}}],"collection":[{"href":"https:\/\/specifica.com.br\/site2024\/wp-json\/wp\/v2\/product"}],"about":[{"href":"https:\/\/specifica.com.br\/site2024\/wp-json\/wp\/v2\/types\/product"}],"replies":[{"embeddable":true,"href":"https:\/\/specifica.com.br\/site2024\/wp-json\/wp\/v2\/comments?post=3488"}],"wp:featuredmedia":[{"embeddable":true,"href":"https:\/\/specifica.com.br\/site2024\/wp-json\/wp\/v2\/media\/3489"}],"wp:attachment":[{"href":"https:\/\/specifica.com.br\/site2024\/wp-json\/wp\/v2\/media?parent=3488"}],"wp:term":[{"taxonomy":"product_brand","embeddable":true,"href":"https:\/\/specifica.com.br\/site2024\/wp-json\/wp\/v2\/product_brand?post=3488"},{"taxonomy":"product_cat","embeddable":true,"href":"https:\/\/specifica.com.br\/site2024\/wp-json\/wp\/v2\/product_cat?post=3488"},{"taxonomy":"product_tag","embeddable":true,"href":"https:\/\/specifica.com.br\/site2024\/wp-json\/wp\/v2\/product_tag?post=3488"}],"curies":[{"name":"wp","href":"https:\/\/api.w.org\/{rel}","templated":true}]}}