{"id":3484,"date":"2025-06-18T15:32:33","date_gmt":"2025-06-18T15:32:33","guid":{"rendered":"https:\/\/specifica.com.br\/site2024\/?post_type=product&#038;p=3484"},"modified":"2025-08-19T13:43:45","modified_gmt":"2025-08-19T13:43:45","slug":"pomada-de-calendula-tm","status":"publish","type":"product","link":"https:\/\/specifica.com.br\/site2024\/produto\/sem-categoria\/pomada-de-calendula-tm\/","title":{"rendered":"POMADA DE CAL\u00caNDULA TM"},"content":{"rendered":"","protected":false},"excerpt":{"rendered":"<p>Cont\u00e9m Cal\u00eandula officinalis, tintura m\u00e3e, lanolina, \u00e1lcool cet\u00edlico e vaselina s\u00f3lida.<\/p>\n","protected":false},"featured_media":3608,"comment_status":"open","ping_status":"closed","template":"","meta":{"_acf_changed":false},"product_brand":[],"product_cat":[17,70],"product_tag":[],"class_list":{"0":"post-3484","1":"product","2":"type-product","3":"status-publish","4":"has-post-thumbnail","6":"product_cat-sem-categoria","7":"product_cat-linha-repelentes-e-calmantes-de-picadas","9":"first","10":"instock","11":"shipping-taxable","12":"product-type-simple"},"acf":[],"_links":{"self":[{"href":"https:\/\/specifica.com.br\/site2024\/wp-json\/wp\/v2\/product\/3484","targetHints":{"allow":["GET"]}}],"collection":[{"href":"https:\/\/specifica.com.br\/site2024\/wp-json\/wp\/v2\/product"}],"about":[{"href":"https:\/\/specifica.com.br\/site2024\/wp-json\/wp\/v2\/types\/product"}],"replies":[{"embeddable":true,"href":"https:\/\/specifica.com.br\/site2024\/wp-json\/wp\/v2\/comments?post=3484"}],"wp:featuredmedia":[{"embeddable":true,"href":"https:\/\/specifica.com.br\/site2024\/wp-json\/wp\/v2\/media\/3608"}],"wp:attachment":[{"href":"https:\/\/specifica.com.br\/site2024\/wp-json\/wp\/v2\/media?parent=3484"}],"wp:term":[{"taxonomy":"product_brand","embeddable":true,"href":"https:\/\/specifica.com.br\/site2024\/wp-json\/wp\/v2\/product_brand?post=3484"},{"taxonomy":"product_cat","embeddable":true,"href":"https:\/\/specifica.com.br\/site2024\/wp-json\/wp\/v2\/product_cat?post=3484"},{"taxonomy":"product_tag","embeddable":true,"href":"https:\/\/specifica.com.br\/site2024\/wp-json\/wp\/v2\/product_tag?post=3484"}],"curies":[{"name":"wp","href":"https:\/\/api.w.org\/{rel}","templated":true}]}}