{"id":3455,"date":"2025-06-13T14:36:03","date_gmt":"2025-06-13T14:36:03","guid":{"rendered":"https:\/\/specifica.com.br\/site2024\/?post_type=product&#038;p=3455"},"modified":"2025-06-18T15:12:45","modified_gmt":"2025-06-18T15:12:45","slug":"pro-cycle-hair-tonico","status":"publish","type":"product","link":"https:\/\/specifica.com.br\/site2024\/produto\/linha-capilar\/silicone-serum-finalizadores\/pro-cycle-hair-tonico\/","title":{"rendered":"PRO CYCLE HAIR &#8211; T\u00d4NICO"},"content":{"rendered":"","protected":false},"excerpt":{"rendered":"<p>Oxigena\u00e7\u00e3o do fol\u00edculo e crescimento capilar.<\/p>\n","protected":false},"featured_media":3459,"comment_status":"open","ping_status":"closed","template":"","meta":{"_acf_changed":false},"product_brand":[],"product_cat":[46,50],"product_tag":[],"class_list":{"0":"post-3455","1":"product","2":"type-product","3":"status-publish","4":"has-post-thumbnail","6":"product_cat-linha-capilar","7":"product_cat-silicone-serum-finalizadores","9":"first","10":"instock","11":"shipping-taxable","12":"product-type-simple"},"acf":[],"_links":{"self":[{"href":"https:\/\/specifica.com.br\/site2024\/wp-json\/wp\/v2\/product\/3455","targetHints":{"allow":["GET"]}}],"collection":[{"href":"https:\/\/specifica.com.br\/site2024\/wp-json\/wp\/v2\/product"}],"about":[{"href":"https:\/\/specifica.com.br\/site2024\/wp-json\/wp\/v2\/types\/product"}],"replies":[{"embeddable":true,"href":"https:\/\/specifica.com.br\/site2024\/wp-json\/wp\/v2\/comments?post=3455"}],"wp:featuredmedia":[{"embeddable":true,"href":"https:\/\/specifica.com.br\/site2024\/wp-json\/wp\/v2\/media\/3459"}],"wp:attachment":[{"href":"https:\/\/specifica.com.br\/site2024\/wp-json\/wp\/v2\/media?parent=3455"}],"wp:term":[{"taxonomy":"product_brand","embeddable":true,"href":"https:\/\/specifica.com.br\/site2024\/wp-json\/wp\/v2\/product_brand?post=3455"},{"taxonomy":"product_cat","embeddable":true,"href":"https:\/\/specifica.com.br\/site2024\/wp-json\/wp\/v2\/product_cat?post=3455"},{"taxonomy":"product_tag","embeddable":true,"href":"https:\/\/specifica.com.br\/site2024\/wp-json\/wp\/v2\/product_tag?post=3455"}],"curies":[{"name":"wp","href":"https:\/\/api.w.org\/{rel}","templated":true}]}}