{"id":3449,"date":"2025-06-13T14:25:12","date_gmt":"2025-06-13T14:25:12","guid":{"rendered":"https:\/\/specifica.com.br\/site2024\/?post_type=product&#038;p=3449"},"modified":"2025-06-18T15:09:02","modified_gmt":"2025-06-18T15:09:02","slug":"pro-cycle-hair-condicionador","status":"publish","type":"product","link":"https:\/\/specifica.com.br\/site2024\/produto\/linha-capilar\/condicionador\/pro-cycle-hair-condicionador\/","title":{"rendered":"PRO CYCLE HAIR &#8211; CONDICIONADOR"},"content":{"rendered":"","protected":false},"excerpt":{"rendered":"<p>Limpeza, reequil\u00edbrio e prote\u00e7\u00e3o<\/p>\n","protected":false},"featured_media":3450,"comment_status":"open","ping_status":"closed","template":"","meta":{"_acf_changed":false},"product_brand":[],"product_cat":[47,46],"product_tag":[],"class_list":{"0":"post-3449","1":"product","2":"type-product","3":"status-publish","4":"has-post-thumbnail","6":"product_cat-condicionador","7":"product_cat-linha-capilar","9":"first","10":"instock","11":"shipping-taxable","12":"product-type-simple"},"acf":[],"_links":{"self":[{"href":"https:\/\/specifica.com.br\/site2024\/wp-json\/wp\/v2\/product\/3449","targetHints":{"allow":["GET"]}}],"collection":[{"href":"https:\/\/specifica.com.br\/site2024\/wp-json\/wp\/v2\/product"}],"about":[{"href":"https:\/\/specifica.com.br\/site2024\/wp-json\/wp\/v2\/types\/product"}],"replies":[{"embeddable":true,"href":"https:\/\/specifica.com.br\/site2024\/wp-json\/wp\/v2\/comments?post=3449"}],"wp:featuredmedia":[{"embeddable":true,"href":"https:\/\/specifica.com.br\/site2024\/wp-json\/wp\/v2\/media\/3450"}],"wp:attachment":[{"href":"https:\/\/specifica.com.br\/site2024\/wp-json\/wp\/v2\/media?parent=3449"}],"wp:term":[{"taxonomy":"product_brand","embeddable":true,"href":"https:\/\/specifica.com.br\/site2024\/wp-json\/wp\/v2\/product_brand?post=3449"},{"taxonomy":"product_cat","embeddable":true,"href":"https:\/\/specifica.com.br\/site2024\/wp-json\/wp\/v2\/product_cat?post=3449"},{"taxonomy":"product_tag","embeddable":true,"href":"https:\/\/specifica.com.br\/site2024\/wp-json\/wp\/v2\/product_tag?post=3449"}],"curies":[{"name":"wp","href":"https:\/\/api.w.org\/{rel}","templated":true}]}}