{"id":3319,"date":"2025-05-20T15:18:10","date_gmt":"2025-05-20T15:18:10","guid":{"rendered":"https:\/\/specifica.com.br\/site2024\/?post_type=product&#038;p=3319"},"modified":"2025-05-20T15:21:52","modified_gmt":"2025-05-20T15:21:52","slug":"creme-de-propolis","status":"publish","type":"product","link":"https:\/\/specifica.com.br\/site2024\/produto\/sem-categoria\/creme-de-propolis\/","title":{"rendered":"CREME DE PR\u00d3POLIS"},"content":{"rendered":"","protected":false},"excerpt":{"rendered":"<p>Delicado creme que estimula a cicatriza\u00e7\u00e3o da pele inflamada infeccionada, acneica, queimada ou ferida. Tem a propriedade de destruir os micr\u00f3bios, promovendo a desinfec\u00e7\u00e3o do local inflamado.<\/p>\n<p>&nbsp;<\/p>\n","protected":false},"featured_media":3320,"comment_status":"open","ping_status":"closed","template":"","meta":{"_acf_changed":false},"product_brand":[],"product_cat":[17],"product_tag":[],"class_list":{"0":"post-3319","1":"product","2":"type-product","3":"status-publish","4":"has-post-thumbnail","6":"product_cat-sem-categoria","8":"first","9":"instock","10":"shipping-taxable","11":"product-type-simple"},"acf":[],"_links":{"self":[{"href":"https:\/\/specifica.com.br\/site2024\/wp-json\/wp\/v2\/product\/3319","targetHints":{"allow":["GET"]}}],"collection":[{"href":"https:\/\/specifica.com.br\/site2024\/wp-json\/wp\/v2\/product"}],"about":[{"href":"https:\/\/specifica.com.br\/site2024\/wp-json\/wp\/v2\/types\/product"}],"replies":[{"embeddable":true,"href":"https:\/\/specifica.com.br\/site2024\/wp-json\/wp\/v2\/comments?post=3319"}],"wp:featuredmedia":[{"embeddable":true,"href":"https:\/\/specifica.com.br\/site2024\/wp-json\/wp\/v2\/media\/3320"}],"wp:attachment":[{"href":"https:\/\/specifica.com.br\/site2024\/wp-json\/wp\/v2\/media?parent=3319"}],"wp:term":[{"taxonomy":"product_brand","embeddable":true,"href":"https:\/\/specifica.com.br\/site2024\/wp-json\/wp\/v2\/product_brand?post=3319"},{"taxonomy":"product_cat","embeddable":true,"href":"https:\/\/specifica.com.br\/site2024\/wp-json\/wp\/v2\/product_cat?post=3319"},{"taxonomy":"product_tag","embeddable":true,"href":"https:\/\/specifica.com.br\/site2024\/wp-json\/wp\/v2\/product_tag?post=3319"}],"curies":[{"name":"wp","href":"https:\/\/api.w.org\/{rel}","templated":true}]}}