{"id":3317,"date":"2025-05-20T15:12:35","date_gmt":"2025-05-20T15:12:35","guid":{"rendered":"https:\/\/specifica.com.br\/site2024\/?post_type=product&#038;p=3317"},"modified":"2025-05-20T15:15:50","modified_gmt":"2025-05-20T15:15:50","slug":"creme-de-bach","status":"publish","type":"product","link":"https:\/\/specifica.com.br\/site2024\/produto\/sem-categoria\/creme-de-bach\/","title":{"rendered":"CREME DE BACH"},"content":{"rendered":"","protected":false},"excerpt":{"rendered":"<p>Indicado para mordidas, inflama\u00e7\u00f5es (ferroadas e queimaduras), assaduras, distens\u00f5es, brotoejas, contus\u00f5es, alergias de pele (causadas por contato externo) e ferimentos em geral.<\/p>\n<p>&nbsp;<\/p>\n","protected":false},"featured_media":3318,"comment_status":"open","ping_status":"closed","template":"","meta":{"_acf_changed":false},"product_brand":[],"product_cat":[17],"product_tag":[],"class_list":{"0":"post-3317","1":"product","2":"type-product","3":"status-publish","4":"has-post-thumbnail","6":"product_cat-sem-categoria","8":"first","9":"instock","10":"shipping-taxable","11":"product-type-simple"},"acf":[],"_links":{"self":[{"href":"https:\/\/specifica.com.br\/site2024\/wp-json\/wp\/v2\/product\/3317","targetHints":{"allow":["GET"]}}],"collection":[{"href":"https:\/\/specifica.com.br\/site2024\/wp-json\/wp\/v2\/product"}],"about":[{"href":"https:\/\/specifica.com.br\/site2024\/wp-json\/wp\/v2\/types\/product"}],"replies":[{"embeddable":true,"href":"https:\/\/specifica.com.br\/site2024\/wp-json\/wp\/v2\/comments?post=3317"}],"wp:featuredmedia":[{"embeddable":true,"href":"https:\/\/specifica.com.br\/site2024\/wp-json\/wp\/v2\/media\/3318"}],"wp:attachment":[{"href":"https:\/\/specifica.com.br\/site2024\/wp-json\/wp\/v2\/media?parent=3317"}],"wp:term":[{"taxonomy":"product_brand","embeddable":true,"href":"https:\/\/specifica.com.br\/site2024\/wp-json\/wp\/v2\/product_brand?post=3317"},{"taxonomy":"product_cat","embeddable":true,"href":"https:\/\/specifica.com.br\/site2024\/wp-json\/wp\/v2\/product_cat?post=3317"},{"taxonomy":"product_tag","embeddable":true,"href":"https:\/\/specifica.com.br\/site2024\/wp-json\/wp\/v2\/product_tag?post=3317"}],"curies":[{"name":"wp","href":"https:\/\/api.w.org\/{rel}","templated":true}]}}