{"id":3248,"date":"2025-05-09T16:42:37","date_gmt":"2025-05-09T16:42:37","guid":{"rendered":"https:\/\/specifica.com.br\/site2024\/?post_type=product&#038;p=3248"},"modified":"2025-05-09T16:47:56","modified_gmt":"2025-05-09T16:47:56","slug":"emulsao-facial-para-barbear-sem-espuma","status":"publish","type":"product","link":"https:\/\/specifica.com.br\/site2024\/produto\/linha-masculina\/emulsao-facial-para-barbear-sem-espuma\/","title":{"rendered":"EMULS\u00c3O FACIAL PARA BARBEAR SEM ESPUMA"},"content":{"rendered":"","protected":false},"excerpt":{"rendered":"<p>Espuma suave e sedosa. Facilita o barbear de forma segura, sem causar irrita\u00e7\u00e3o. Controla ainda a a\u00e7\u00e3o de micro-organismo impedinndo a forma\u00e7\u00e3o de p\u00fastulas .<\/p>\n","protected":false},"featured_media":3249,"comment_status":"open","ping_status":"closed","template":"","meta":{"_acf_changed":false},"product_brand":[],"product_cat":[65],"product_tag":[],"class_list":{"0":"post-3248","1":"product","2":"type-product","3":"status-publish","4":"has-post-thumbnail","6":"product_cat-linha-masculina","8":"first","9":"instock","10":"shipping-taxable","11":"product-type-simple"},"acf":[],"_links":{"self":[{"href":"https:\/\/specifica.com.br\/site2024\/wp-json\/wp\/v2\/product\/3248","targetHints":{"allow":["GET"]}}],"collection":[{"href":"https:\/\/specifica.com.br\/site2024\/wp-json\/wp\/v2\/product"}],"about":[{"href":"https:\/\/specifica.com.br\/site2024\/wp-json\/wp\/v2\/types\/product"}],"replies":[{"embeddable":true,"href":"https:\/\/specifica.com.br\/site2024\/wp-json\/wp\/v2\/comments?post=3248"}],"wp:featuredmedia":[{"embeddable":true,"href":"https:\/\/specifica.com.br\/site2024\/wp-json\/wp\/v2\/media\/3249"}],"wp:attachment":[{"href":"https:\/\/specifica.com.br\/site2024\/wp-json\/wp\/v2\/media?parent=3248"}],"wp:term":[{"taxonomy":"product_brand","embeddable":true,"href":"https:\/\/specifica.com.br\/site2024\/wp-json\/wp\/v2\/product_brand?post=3248"},{"taxonomy":"product_cat","embeddable":true,"href":"https:\/\/specifica.com.br\/site2024\/wp-json\/wp\/v2\/product_cat?post=3248"},{"taxonomy":"product_tag","embeddable":true,"href":"https:\/\/specifica.com.br\/site2024\/wp-json\/wp\/v2\/product_tag?post=3248"}],"curies":[{"name":"wp","href":"https:\/\/api.w.org\/{rel}","templated":true}]}}