{"id":3241,"date":"2025-05-09T16:24:04","date_gmt":"2025-05-09T16:24:04","guid":{"rendered":"https:\/\/specifica.com.br\/site2024\/?post_type=product&#038;p=3241"},"modified":"2025-05-09T16:26:56","modified_gmt":"2025-05-09T16:26:56","slug":"creme-gel-espumogeno-para-barbear","status":"publish","type":"product","link":"https:\/\/specifica.com.br\/site2024\/produto\/linha-masculina\/creme-gel-espumogeno-para-barbear\/","title":{"rendered":"CREME GEL ESPUM\u00d3GENO PARA BARBEAR"},"content":{"rendered":"","protected":false},"excerpt":{"rendered":"<p>Espuma suave, com tensoativos do milho. Elimina bact\u00e9rias, evitando a irrita\u00e7\u00e3o e inflama\u00e7\u00e3o da pele.<\/p>\n","protected":false},"featured_media":3242,"comment_status":"open","ping_status":"closed","template":"","meta":{"_acf_changed":false},"product_brand":[],"product_cat":[65],"product_tag":[],"class_list":{"0":"post-3241","1":"product","2":"type-product","3":"status-publish","4":"has-post-thumbnail","6":"product_cat-linha-masculina","8":"first","9":"instock","10":"shipping-taxable","11":"product-type-simple"},"acf":[],"_links":{"self":[{"href":"https:\/\/specifica.com.br\/site2024\/wp-json\/wp\/v2\/product\/3241","targetHints":{"allow":["GET"]}}],"collection":[{"href":"https:\/\/specifica.com.br\/site2024\/wp-json\/wp\/v2\/product"}],"about":[{"href":"https:\/\/specifica.com.br\/site2024\/wp-json\/wp\/v2\/types\/product"}],"replies":[{"embeddable":true,"href":"https:\/\/specifica.com.br\/site2024\/wp-json\/wp\/v2\/comments?post=3241"}],"wp:featuredmedia":[{"embeddable":true,"href":"https:\/\/specifica.com.br\/site2024\/wp-json\/wp\/v2\/media\/3242"}],"wp:attachment":[{"href":"https:\/\/specifica.com.br\/site2024\/wp-json\/wp\/v2\/media?parent=3241"}],"wp:term":[{"taxonomy":"product_brand","embeddable":true,"href":"https:\/\/specifica.com.br\/site2024\/wp-json\/wp\/v2\/product_brand?post=3241"},{"taxonomy":"product_cat","embeddable":true,"href":"https:\/\/specifica.com.br\/site2024\/wp-json\/wp\/v2\/product_cat?post=3241"},{"taxonomy":"product_tag","embeddable":true,"href":"https:\/\/specifica.com.br\/site2024\/wp-json\/wp\/v2\/product_tag?post=3241"}],"curies":[{"name":"wp","href":"https:\/\/api.w.org\/{rel}","templated":true}]}}