{"id":3223,"date":"2025-05-06T16:14:31","date_gmt":"2025-05-06T16:14:31","guid":{"rendered":"https:\/\/specifica.com.br\/site2024\/?post_type=product&#038;p=3223"},"modified":"2025-05-06T16:15:59","modified_gmt":"2025-05-06T16:15:59","slug":"restaurador-capilar-de-silicone","status":"publish","type":"product","link":"https:\/\/specifica.com.br\/site2024\/produto\/linha-capilar\/silicone-serum-finalizadores\/restaurador-capilar-de-silicone\/","title":{"rendered":"RESTAURADOR CAPILAR DE SILICONE"},"content":{"rendered":"","protected":false},"excerpt":{"rendered":"<p>Eliminando as \u201cpontas\u201d danificadas pela a\u00e7\u00e3o do sol, vento e produtos qu\u00edmicos.<\/p>\n","protected":false},"featured_media":3224,"comment_status":"open","ping_status":"closed","template":"","meta":{"_acf_changed":false},"product_brand":[],"product_cat":[50],"product_tag":[],"class_list":{"0":"post-3223","1":"product","2":"type-product","3":"status-publish","4":"has-post-thumbnail","6":"product_cat-silicone-serum-finalizadores","8":"first","9":"instock","10":"shipping-taxable","11":"product-type-simple"},"acf":[],"_links":{"self":[{"href":"https:\/\/specifica.com.br\/site2024\/wp-json\/wp\/v2\/product\/3223","targetHints":{"allow":["GET"]}}],"collection":[{"href":"https:\/\/specifica.com.br\/site2024\/wp-json\/wp\/v2\/product"}],"about":[{"href":"https:\/\/specifica.com.br\/site2024\/wp-json\/wp\/v2\/types\/product"}],"replies":[{"embeddable":true,"href":"https:\/\/specifica.com.br\/site2024\/wp-json\/wp\/v2\/comments?post=3223"}],"wp:featuredmedia":[{"embeddable":true,"href":"https:\/\/specifica.com.br\/site2024\/wp-json\/wp\/v2\/media\/3224"}],"wp:attachment":[{"href":"https:\/\/specifica.com.br\/site2024\/wp-json\/wp\/v2\/media?parent=3223"}],"wp:term":[{"taxonomy":"product_brand","embeddable":true,"href":"https:\/\/specifica.com.br\/site2024\/wp-json\/wp\/v2\/product_brand?post=3223"},{"taxonomy":"product_cat","embeddable":true,"href":"https:\/\/specifica.com.br\/site2024\/wp-json\/wp\/v2\/product_cat?post=3223"},{"taxonomy":"product_tag","embeddable":true,"href":"https:\/\/specifica.com.br\/site2024\/wp-json\/wp\/v2\/product_tag?post=3223"}],"curies":[{"name":"wp","href":"https:\/\/api.w.org\/{rel}","templated":true}]}}