{"id":3220,"date":"2025-05-06T16:09:10","date_gmt":"2025-05-06T16:09:10","guid":{"rendered":"https:\/\/specifica.com.br\/site2024\/?post_type=product&#038;p=3220"},"modified":"2025-05-06T16:13:47","modified_gmt":"2025-05-06T16:13:47","slug":"restaurador-capilar-de-silicone-com-filtro-solar","status":"publish","type":"product","link":"https:\/\/specifica.com.br\/site2024\/produto\/linha-capilar\/silicone-serum-finalizadores\/restaurador-capilar-de-silicone-com-filtro-solar\/","title":{"rendered":"RESTAURADOR CAPILAR DE SILICONE COM FILTRO SOLAR"},"content":{"rendered":"","protected":false},"excerpt":{"rendered":"<p>Favorece a recupera\u00e7\u00e3o do brilho e eliminando as \u201cpontas\u201d danificadas pela a\u00e7\u00e3o do sol, vento e produtos qu\u00edmicos, al\u00e9m da prote\u00e7\u00e3o contra os raios ultravioletas.<\/p>\n","protected":false},"featured_media":3221,"comment_status":"open","ping_status":"closed","template":"","meta":{"_acf_changed":false},"product_brand":[],"product_cat":[50],"product_tag":[],"class_list":{"0":"post-3220","1":"product","2":"type-product","3":"status-publish","4":"has-post-thumbnail","6":"product_cat-silicone-serum-finalizadores","8":"first","9":"instock","10":"shipping-taxable","11":"product-type-simple"},"acf":[],"_links":{"self":[{"href":"https:\/\/specifica.com.br\/site2024\/wp-json\/wp\/v2\/product\/3220","targetHints":{"allow":["GET"]}}],"collection":[{"href":"https:\/\/specifica.com.br\/site2024\/wp-json\/wp\/v2\/product"}],"about":[{"href":"https:\/\/specifica.com.br\/site2024\/wp-json\/wp\/v2\/types\/product"}],"replies":[{"embeddable":true,"href":"https:\/\/specifica.com.br\/site2024\/wp-json\/wp\/v2\/comments?post=3220"}],"wp:featuredmedia":[{"embeddable":true,"href":"https:\/\/specifica.com.br\/site2024\/wp-json\/wp\/v2\/media\/3221"}],"wp:attachment":[{"href":"https:\/\/specifica.com.br\/site2024\/wp-json\/wp\/v2\/media?parent=3220"}],"wp:term":[{"taxonomy":"product_brand","embeddable":true,"href":"https:\/\/specifica.com.br\/site2024\/wp-json\/wp\/v2\/product_brand?post=3220"},{"taxonomy":"product_cat","embeddable":true,"href":"https:\/\/specifica.com.br\/site2024\/wp-json\/wp\/v2\/product_cat?post=3220"},{"taxonomy":"product_tag","embeddable":true,"href":"https:\/\/specifica.com.br\/site2024\/wp-json\/wp\/v2\/product_tag?post=3220"}],"curies":[{"name":"wp","href":"https:\/\/api.w.org\/{rel}","templated":true}]}}