{"id":3216,"date":"2025-05-06T15:43:47","date_gmt":"2025-05-06T15:43:47","guid":{"rendered":"https:\/\/specifica.com.br\/site2024\/?post_type=product&#038;p=3216"},"modified":"2025-05-06T15:46:55","modified_gmt":"2025-05-06T15:46:55","slug":"linha-vegeto-mineral-mascara-de-reconstrucao-capilar-oleo-de-argan","status":"publish","type":"product","link":"https:\/\/specifica.com.br\/site2024\/produto\/linha-capilar\/linha-vegeto-mineral\/linha-vegeto-mineral-mascara-de-reconstrucao-capilar-oleo-de-argan\/","title":{"rendered":"LINHA VEGETO-MINERAL &#8211; M\u00c1SCARA DE RECONSTRU\u00c7\u00c3O CAPILAR \u00d3LEO DE ARGAN"},"content":{"rendered":"","protected":false},"excerpt":{"rendered":"<p>Recupera os fios formando uma pel\u00edcula restauradora que intensifica a regenera\u00e7\u00e3o das cut\u00edculas, dando brilho e leveza ao cabelo<\/p>\n","protected":false},"featured_media":3217,"comment_status":"open","ping_status":"closed","template":"","meta":{"_acf_changed":false},"product_brand":[],"product_cat":[48],"product_tag":[],"class_list":{"0":"post-3216","1":"product","2":"type-product","3":"status-publish","4":"has-post-thumbnail","6":"product_cat-linha-vegeto-mineral","8":"first","9":"instock","10":"shipping-taxable","11":"product-type-simple"},"acf":[],"_links":{"self":[{"href":"https:\/\/specifica.com.br\/site2024\/wp-json\/wp\/v2\/product\/3216","targetHints":{"allow":["GET"]}}],"collection":[{"href":"https:\/\/specifica.com.br\/site2024\/wp-json\/wp\/v2\/product"}],"about":[{"href":"https:\/\/specifica.com.br\/site2024\/wp-json\/wp\/v2\/types\/product"}],"replies":[{"embeddable":true,"href":"https:\/\/specifica.com.br\/site2024\/wp-json\/wp\/v2\/comments?post=3216"}],"wp:featuredmedia":[{"embeddable":true,"href":"https:\/\/specifica.com.br\/site2024\/wp-json\/wp\/v2\/media\/3217"}],"wp:attachment":[{"href":"https:\/\/specifica.com.br\/site2024\/wp-json\/wp\/v2\/media?parent=3216"}],"wp:term":[{"taxonomy":"product_brand","embeddable":true,"href":"https:\/\/specifica.com.br\/site2024\/wp-json\/wp\/v2\/product_brand?post=3216"},{"taxonomy":"product_cat","embeddable":true,"href":"https:\/\/specifica.com.br\/site2024\/wp-json\/wp\/v2\/product_cat?post=3216"},{"taxonomy":"product_tag","embeddable":true,"href":"https:\/\/specifica.com.br\/site2024\/wp-json\/wp\/v2\/product_tag?post=3216"}],"curies":[{"name":"wp","href":"https:\/\/api.w.org\/{rel}","templated":true}]}}