{"id":3182,"date":"2025-05-06T14:09:20","date_gmt":"2025-05-06T14:09:20","guid":{"rendered":"https:\/\/specifica.com.br\/site2024\/?post_type=product&#038;p=3182"},"modified":"2025-05-06T14:18:09","modified_gmt":"2025-05-06T14:18:09","slug":"creme-desodorante-antitranspirante","status":"publish","type":"product","link":"https:\/\/specifica.com.br\/site2024\/produto\/linha-desodorantes\/creme-desodorante-antitranspirante\/","title":{"rendered":"CREME DESODORANTE ANTITRANSPIRANTE"},"content":{"rendered":"","protected":false},"excerpt":{"rendered":"<p>Creme axilar antitranspirante com intensa a\u00e7\u00e3o desodorante. Impede o crescimento bacteriano respons\u00e1vel pelo odor da transpira\u00e7\u00e3o, mantendo a pele protegida por longo per\u00edodo.<\/p>\n","protected":false},"featured_media":3183,"comment_status":"open","ping_status":"closed","template":"","meta":{"_acf_changed":false},"product_brand":[],"product_cat":[55],"product_tag":[],"class_list":{"0":"post-3182","1":"product","2":"type-product","3":"status-publish","4":"has-post-thumbnail","6":"product_cat-linha-desodorantes","8":"first","9":"instock","10":"shipping-taxable","11":"product-type-simple"},"acf":[],"_links":{"self":[{"href":"https:\/\/specifica.com.br\/site2024\/wp-json\/wp\/v2\/product\/3182","targetHints":{"allow":["GET"]}}],"collection":[{"href":"https:\/\/specifica.com.br\/site2024\/wp-json\/wp\/v2\/product"}],"about":[{"href":"https:\/\/specifica.com.br\/site2024\/wp-json\/wp\/v2\/types\/product"}],"replies":[{"embeddable":true,"href":"https:\/\/specifica.com.br\/site2024\/wp-json\/wp\/v2\/comments?post=3182"}],"wp:featuredmedia":[{"embeddable":true,"href":"https:\/\/specifica.com.br\/site2024\/wp-json\/wp\/v2\/media\/3183"}],"wp:attachment":[{"href":"https:\/\/specifica.com.br\/site2024\/wp-json\/wp\/v2\/media?parent=3182"}],"wp:term":[{"taxonomy":"product_brand","embeddable":true,"href":"https:\/\/specifica.com.br\/site2024\/wp-json\/wp\/v2\/product_brand?post=3182"},{"taxonomy":"product_cat","embeddable":true,"href":"https:\/\/specifica.com.br\/site2024\/wp-json\/wp\/v2\/product_cat?post=3182"},{"taxonomy":"product_tag","embeddable":true,"href":"https:\/\/specifica.com.br\/site2024\/wp-json\/wp\/v2\/product_tag?post=3182"}],"curies":[{"name":"wp","href":"https:\/\/api.w.org\/{rel}","templated":true}]}}