{"id":3163,"date":"2025-04-28T14:31:14","date_gmt":"2025-04-28T14:31:14","guid":{"rendered":"https:\/\/specifica.com.br\/site2024\/?post_type=product&#038;p=3163"},"modified":"2025-04-28T14:34:39","modified_gmt":"2025-04-28T14:34:39","slug":"shampoo-de-octopirox","status":"publish","type":"product","link":"https:\/\/specifica.com.br\/site2024\/produto\/linha-capilar\/shampoo\/shampoo-de-octopirox\/","title":{"rendered":"SHAMPOO DE OCTOPIROX"},"content":{"rendered":"","protected":false},"excerpt":{"rendered":"<p>A\u00e7\u00e3o antibacteriana e antif\u00fangica. Promove ainda um efeito antioxidante, que impede a oxida\u00e7\u00e3o da gordura epid\u00e9rmica.<\/p>\n","protected":false},"featured_media":3164,"comment_status":"open","ping_status":"closed","template":"","meta":{"_acf_changed":false},"product_brand":[],"product_cat":[49],"product_tag":[],"class_list":{"0":"post-3163","1":"product","2":"type-product","3":"status-publish","4":"has-post-thumbnail","6":"product_cat-shampoo","8":"first","9":"instock","10":"shipping-taxable","11":"product-type-simple"},"acf":[],"_links":{"self":[{"href":"https:\/\/specifica.com.br\/site2024\/wp-json\/wp\/v2\/product\/3163","targetHints":{"allow":["GET"]}}],"collection":[{"href":"https:\/\/specifica.com.br\/site2024\/wp-json\/wp\/v2\/product"}],"about":[{"href":"https:\/\/specifica.com.br\/site2024\/wp-json\/wp\/v2\/types\/product"}],"replies":[{"embeddable":true,"href":"https:\/\/specifica.com.br\/site2024\/wp-json\/wp\/v2\/comments?post=3163"}],"wp:featuredmedia":[{"embeddable":true,"href":"https:\/\/specifica.com.br\/site2024\/wp-json\/wp\/v2\/media\/3164"}],"wp:attachment":[{"href":"https:\/\/specifica.com.br\/site2024\/wp-json\/wp\/v2\/media?parent=3163"}],"wp:term":[{"taxonomy":"product_brand","embeddable":true,"href":"https:\/\/specifica.com.br\/site2024\/wp-json\/wp\/v2\/product_brand?post=3163"},{"taxonomy":"product_cat","embeddable":true,"href":"https:\/\/specifica.com.br\/site2024\/wp-json\/wp\/v2\/product_cat?post=3163"},{"taxonomy":"product_tag","embeddable":true,"href":"https:\/\/specifica.com.br\/site2024\/wp-json\/wp\/v2\/product_tag?post=3163"}],"curies":[{"name":"wp","href":"https:\/\/api.w.org\/{rel}","templated":true}]}}