{"id":3106,"date":"2025-04-22T15:30:57","date_gmt":"2025-04-22T15:30:57","guid":{"rendered":"https:\/\/specifica.com.br\/site2024\/?post_type=product&#038;p=3106"},"modified":"2025-06-18T15:22:15","modified_gmt":"2025-06-18T15:22:15","slug":"emulsao-hidratante-e-nutritiva-e-filtro-solar","status":"publish","type":"product","link":"https:\/\/specifica.com.br\/site2024\/produto\/linha-corporal\/hidratacao-corporal\/emulsao-hidratante-e-nutritiva-e-filtro-solar\/","title":{"rendered":"EMULS\u00c3O HIDRATANTE E NUTRITIVA E FILTRO SOLAR"},"content":{"rendered":"","protected":false},"excerpt":{"rendered":"<p>Emuls\u00e3o suave rica em lip\u00eddeos da macad\u00e2mia, com poder de hidrata\u00e7\u00e3o e regenera\u00e7\u00e3o da pele, al\u00e9m de proteger contra os raios UVA\/B.<\/p>\n","protected":false},"featured_media":3476,"comment_status":"open","ping_status":"closed","template":"","meta":{"_acf_changed":false},"product_brand":[],"product_cat":[53],"product_tag":[],"class_list":{"0":"post-3106","1":"product","2":"type-product","3":"status-publish","4":"has-post-thumbnail","6":"product_cat-hidratacao-corporal","8":"first","9":"instock","10":"shipping-taxable","11":"product-type-simple"},"acf":[],"_links":{"self":[{"href":"https:\/\/specifica.com.br\/site2024\/wp-json\/wp\/v2\/product\/3106","targetHints":{"allow":["GET"]}}],"collection":[{"href":"https:\/\/specifica.com.br\/site2024\/wp-json\/wp\/v2\/product"}],"about":[{"href":"https:\/\/specifica.com.br\/site2024\/wp-json\/wp\/v2\/types\/product"}],"replies":[{"embeddable":true,"href":"https:\/\/specifica.com.br\/site2024\/wp-json\/wp\/v2\/comments?post=3106"}],"wp:featuredmedia":[{"embeddable":true,"href":"https:\/\/specifica.com.br\/site2024\/wp-json\/wp\/v2\/media\/3476"}],"wp:attachment":[{"href":"https:\/\/specifica.com.br\/site2024\/wp-json\/wp\/v2\/media?parent=3106"}],"wp:term":[{"taxonomy":"product_brand","embeddable":true,"href":"https:\/\/specifica.com.br\/site2024\/wp-json\/wp\/v2\/product_brand?post=3106"},{"taxonomy":"product_cat","embeddable":true,"href":"https:\/\/specifica.com.br\/site2024\/wp-json\/wp\/v2\/product_cat?post=3106"},{"taxonomy":"product_tag","embeddable":true,"href":"https:\/\/specifica.com.br\/site2024\/wp-json\/wp\/v2\/product_tag?post=3106"}],"curies":[{"name":"wp","href":"https:\/\/api.w.org\/{rel}","templated":true}]}}