{"id":3079,"date":"2025-04-19T13:57:16","date_gmt":"2025-04-19T13:57:16","guid":{"rendered":"https:\/\/specifica.com.br\/site2024\/?post_type=product&#038;p=3079"},"modified":"2025-05-06T16:17:35","modified_gmt":"2025-05-06T16:17:35","slug":"spray-lipolitico-anticelulite","status":"publish","type":"product","link":"https:\/\/specifica.com.br\/site2024\/produto\/linha-corporal\/celulite\/spray-lipolitico-anticelulite\/","title":{"rendered":"SPRAY LIPOL\u00cdTICO ANTICELULITE"},"content":{"rendered":"","protected":false},"excerpt":{"rendered":"<p>Promove a quebra da gordura localizada, com a\u00e7\u00e3o remodeladora e ativa\u00e7\u00e3o da microcircula\u00e7\u00e3o, melhorando gradativamente o aspecto de &#8220;casca de laranja&#8221;<\/p>\n","protected":false},"featured_media":3226,"comment_status":"open","ping_status":"closed","template":"","meta":{"_acf_changed":false},"product_brand":[],"product_cat":[51],"product_tag":[],"class_list":{"0":"post-3079","1":"product","2":"type-product","3":"status-publish","4":"has-post-thumbnail","6":"product_cat-celulite","8":"first","9":"instock","10":"shipping-taxable","11":"product-type-simple"},"acf":[],"_links":{"self":[{"href":"https:\/\/specifica.com.br\/site2024\/wp-json\/wp\/v2\/product\/3079","targetHints":{"allow":["GET"]}}],"collection":[{"href":"https:\/\/specifica.com.br\/site2024\/wp-json\/wp\/v2\/product"}],"about":[{"href":"https:\/\/specifica.com.br\/site2024\/wp-json\/wp\/v2\/types\/product"}],"replies":[{"embeddable":true,"href":"https:\/\/specifica.com.br\/site2024\/wp-json\/wp\/v2\/comments?post=3079"}],"wp:featuredmedia":[{"embeddable":true,"href":"https:\/\/specifica.com.br\/site2024\/wp-json\/wp\/v2\/media\/3226"}],"wp:attachment":[{"href":"https:\/\/specifica.com.br\/site2024\/wp-json\/wp\/v2\/media?parent=3079"}],"wp:term":[{"taxonomy":"product_brand","embeddable":true,"href":"https:\/\/specifica.com.br\/site2024\/wp-json\/wp\/v2\/product_brand?post=3079"},{"taxonomy":"product_cat","embeddable":true,"href":"https:\/\/specifica.com.br\/site2024\/wp-json\/wp\/v2\/product_cat?post=3079"},{"taxonomy":"product_tag","embeddable":true,"href":"https:\/\/specifica.com.br\/site2024\/wp-json\/wp\/v2\/product_tag?post=3079"}],"curies":[{"name":"wp","href":"https:\/\/api.w.org\/{rel}","templated":true}]}}