{"id":3071,"date":"2025-04-17T15:25:43","date_gmt":"2025-04-17T15:25:43","guid":{"rendered":"https:\/\/specifica.com.br\/site2024\/?post_type=product&#038;p=3071"},"modified":"2026-04-22T15:49:51","modified_gmt":"2026-04-22T15:49:51","slug":"vita-c-plus-facial-10","status":"publish","type":"product","link":"https:\/\/specifica.com.br\/site2024\/produto\/linha-facial\/hidratacao-facial\/vita-c-plus-facial-10\/","title":{"rendered":"VITA C PLUS FACIAL 10+"},"content":{"rendered":"","protected":false},"excerpt":{"rendered":"<p>Vitamina C est\u00e1vel 10% Vitamina E 1% e Vitamina A 1%<\/p>\n<p>S\u00e9rum facial com alta permeabilidade, carregado de vitaminas re-estruturantes do tecido cut\u00e2neo, liberadas lentamente, com a\u00e7\u00e3o sobre o processo de renova\u00e7\u00e3o celular, al\u00e9m da a\u00e7\u00e3o antioxidante, dando firmeza, hidrata\u00e7\u00e3o e suavidade para pele adulta<\/p>\n","protected":false},"featured_media":3752,"comment_status":"open","ping_status":"closed","template":"","meta":{"_acf_changed":false},"product_brand":[],"product_cat":[59],"product_tag":[],"class_list":{"0":"post-3071","1":"product","2":"type-product","3":"status-publish","4":"has-post-thumbnail","6":"product_cat-hidratacao-facial","8":"first","9":"instock","10":"shipping-taxable","11":"product-type-simple"},"acf":[],"_links":{"self":[{"href":"https:\/\/specifica.com.br\/site2024\/wp-json\/wp\/v2\/product\/3071","targetHints":{"allow":["GET"]}}],"collection":[{"href":"https:\/\/specifica.com.br\/site2024\/wp-json\/wp\/v2\/product"}],"about":[{"href":"https:\/\/specifica.com.br\/site2024\/wp-json\/wp\/v2\/types\/product"}],"replies":[{"embeddable":true,"href":"https:\/\/specifica.com.br\/site2024\/wp-json\/wp\/v2\/comments?post=3071"}],"wp:featuredmedia":[{"embeddable":true,"href":"https:\/\/specifica.com.br\/site2024\/wp-json\/wp\/v2\/media\/3752"}],"wp:attachment":[{"href":"https:\/\/specifica.com.br\/site2024\/wp-json\/wp\/v2\/media?parent=3071"}],"wp:term":[{"taxonomy":"product_brand","embeddable":true,"href":"https:\/\/specifica.com.br\/site2024\/wp-json\/wp\/v2\/product_brand?post=3071"},{"taxonomy":"product_cat","embeddable":true,"href":"https:\/\/specifica.com.br\/site2024\/wp-json\/wp\/v2\/product_cat?post=3071"},{"taxonomy":"product_tag","embeddable":true,"href":"https:\/\/specifica.com.br\/site2024\/wp-json\/wp\/v2\/product_tag?post=3071"}],"curies":[{"name":"wp","href":"https:\/\/api.w.org\/{rel}","templated":true}]}}