{"id":3059,"date":"2025-04-17T15:03:59","date_gmt":"2025-04-17T15:03:59","guid":{"rendered":"https:\/\/specifica.com.br\/site2024\/?post_type=product&#038;p=3059"},"modified":"2025-04-17T15:28:42","modified_gmt":"2025-04-17T15:28:42","slug":"oleo-dermoprotetor-sem-perfume","status":"publish","type":"product","link":"https:\/\/specifica.com.br\/site2024\/produto\/linha-corporal\/oleo-massagem-calmante-pele\/oleo-dermoprotetor-sem-perfume\/","title":{"rendered":"\u00d3LEO DERMOPROTETOR SEM PERFUME"},"content":{"rendered":"","protected":false},"excerpt":{"rendered":"<p>Fin\u00edssimo \u00f3leo hidratante e protetor , restaura as propriedades da epiderme, atrav\u00e9s das vitaminas A e E, melhorando a elasticidade e hidrata\u00e7\u00e3o do tecido cut\u00e2neo.<\/p>\n","protected":false},"featured_media":3060,"comment_status":"open","ping_status":"closed","template":"","meta":{"_acf_changed":false},"product_brand":[],"product_cat":[54],"product_tag":[],"class_list":{"0":"post-3059","1":"product","2":"type-product","3":"status-publish","4":"has-post-thumbnail","6":"product_cat-oleo-massagem-calmante-pele","8":"first","9":"instock","10":"shipping-taxable","11":"product-type-simple"},"acf":[],"_links":{"self":[{"href":"https:\/\/specifica.com.br\/site2024\/wp-json\/wp\/v2\/product\/3059","targetHints":{"allow":["GET"]}}],"collection":[{"href":"https:\/\/specifica.com.br\/site2024\/wp-json\/wp\/v2\/product"}],"about":[{"href":"https:\/\/specifica.com.br\/site2024\/wp-json\/wp\/v2\/types\/product"}],"replies":[{"embeddable":true,"href":"https:\/\/specifica.com.br\/site2024\/wp-json\/wp\/v2\/comments?post=3059"}],"wp:featuredmedia":[{"embeddable":true,"href":"https:\/\/specifica.com.br\/site2024\/wp-json\/wp\/v2\/media\/3060"}],"wp:attachment":[{"href":"https:\/\/specifica.com.br\/site2024\/wp-json\/wp\/v2\/media?parent=3059"}],"wp:term":[{"taxonomy":"product_brand","embeddable":true,"href":"https:\/\/specifica.com.br\/site2024\/wp-json\/wp\/v2\/product_brand?post=3059"},{"taxonomy":"product_cat","embeddable":true,"href":"https:\/\/specifica.com.br\/site2024\/wp-json\/wp\/v2\/product_cat?post=3059"},{"taxonomy":"product_tag","embeddable":true,"href":"https:\/\/specifica.com.br\/site2024\/wp-json\/wp\/v2\/product_tag?post=3059"}],"curies":[{"name":"wp","href":"https:\/\/api.w.org\/{rel}","templated":true}]}}