{"id":2990,"date":"2025-04-15T15:46:33","date_gmt":"2025-04-15T15:46:33","guid":{"rendered":"https:\/\/specifica.com.br\/site2024\/?post_type=product&#038;p=2990"},"modified":"2025-04-15T16:02:51","modified_gmt":"2025-04-15T16:02:51","slug":"locao-tonica-revitalizante-facial-ostra-e-vitamina-c","status":"publish","type":"product","link":"https:\/\/specifica.com.br\/site2024\/produto\/linha-facial\/limpeza-de-pele-e-tonificacao\/locao-tonica-revitalizante-facial-ostra-e-vitamina-c\/","title":{"rendered":"LO\u00c7\u00c3O T\u00d4NICA REVITALIZANTE FACIAL OSTRA E VITAMINA C"},"content":{"rendered":"","protected":false},"excerpt":{"rendered":"<p>Revitaliza a pele seca e sem vida, dando-lhe uma apar\u00eancia saud\u00e1vel e luminosa. Recupera o pH fisiol\u00f3gico, al\u00e9m de promover a renova\u00e7\u00e3o celular.<\/p>\n","protected":false},"featured_media":2997,"comment_status":"open","ping_status":"closed","template":"","meta":{"_acf_changed":false},"product_brand":[],"product_cat":[61],"product_tag":[],"class_list":{"0":"post-2990","1":"product","2":"type-product","3":"status-publish","4":"has-post-thumbnail","6":"product_cat-limpeza-de-pele-e-tonificacao","8":"first","9":"instock","10":"shipping-taxable","11":"product-type-simple"},"acf":[],"_links":{"self":[{"href":"https:\/\/specifica.com.br\/site2024\/wp-json\/wp\/v2\/product\/2990","targetHints":{"allow":["GET"]}}],"collection":[{"href":"https:\/\/specifica.com.br\/site2024\/wp-json\/wp\/v2\/product"}],"about":[{"href":"https:\/\/specifica.com.br\/site2024\/wp-json\/wp\/v2\/types\/product"}],"replies":[{"embeddable":true,"href":"https:\/\/specifica.com.br\/site2024\/wp-json\/wp\/v2\/comments?post=2990"}],"wp:featuredmedia":[{"embeddable":true,"href":"https:\/\/specifica.com.br\/site2024\/wp-json\/wp\/v2\/media\/2997"}],"wp:attachment":[{"href":"https:\/\/specifica.com.br\/site2024\/wp-json\/wp\/v2\/media?parent=2990"}],"wp:term":[{"taxonomy":"product_brand","embeddable":true,"href":"https:\/\/specifica.com.br\/site2024\/wp-json\/wp\/v2\/product_brand?post=2990"},{"taxonomy":"product_cat","embeddable":true,"href":"https:\/\/specifica.com.br\/site2024\/wp-json\/wp\/v2\/product_cat?post=2990"},{"taxonomy":"product_tag","embeddable":true,"href":"https:\/\/specifica.com.br\/site2024\/wp-json\/wp\/v2\/product_tag?post=2990"}],"curies":[{"name":"wp","href":"https:\/\/api.w.org\/{rel}","templated":true}]}}