{"id":2953,"date":"2025-04-10T15:02:55","date_gmt":"2025-04-10T15:02:55","guid":{"rendered":"https:\/\/specifica.com.br\/site2024\/?post_type=product&#038;p=2953"},"modified":"2025-04-29T14:04:24","modified_gmt":"2025-04-29T14:04:24","slug":"mascara-incolor-para-cilios-e-sobrancelhas","status":"publish","type":"product","link":"https:\/\/specifica.com.br\/site2024\/produto\/linha-facial\/area-dos-olhos\/mascara-incolor-para-cilios-e-sobrancelhas\/","title":{"rendered":"M\u00c1SCARA INCOLOR PARA C\u00cdLIOS E SOBRANCELHAS"},"content":{"rendered":"","protected":false},"excerpt":{"rendered":"<p>M\u00e1scara secativa e normalizadora da pele oleosa e acneica.<\/p>\n","protected":false},"featured_media":2954,"comment_status":"open","ping_status":"closed","template":"","meta":{"_acf_changed":false},"product_brand":[],"product_cat":[57],"product_tag":[],"class_list":{"0":"post-2953","1":"product","2":"type-product","3":"status-publish","4":"has-post-thumbnail","6":"product_cat-area-dos-olhos","8":"first","9":"instock","10":"featured","11":"shipping-taxable","12":"product-type-simple"},"acf":[],"_links":{"self":[{"href":"https:\/\/specifica.com.br\/site2024\/wp-json\/wp\/v2\/product\/2953","targetHints":{"allow":["GET"]}}],"collection":[{"href":"https:\/\/specifica.com.br\/site2024\/wp-json\/wp\/v2\/product"}],"about":[{"href":"https:\/\/specifica.com.br\/site2024\/wp-json\/wp\/v2\/types\/product"}],"replies":[{"embeddable":true,"href":"https:\/\/specifica.com.br\/site2024\/wp-json\/wp\/v2\/comments?post=2953"}],"wp:featuredmedia":[{"embeddable":true,"href":"https:\/\/specifica.com.br\/site2024\/wp-json\/wp\/v2\/media\/2954"}],"wp:attachment":[{"href":"https:\/\/specifica.com.br\/site2024\/wp-json\/wp\/v2\/media?parent=2953"}],"wp:term":[{"taxonomy":"product_brand","embeddable":true,"href":"https:\/\/specifica.com.br\/site2024\/wp-json\/wp\/v2\/product_brand?post=2953"},{"taxonomy":"product_cat","embeddable":true,"href":"https:\/\/specifica.com.br\/site2024\/wp-json\/wp\/v2\/product_cat?post=2953"},{"taxonomy":"product_tag","embeddable":true,"href":"https:\/\/specifica.com.br\/site2024\/wp-json\/wp\/v2\/product_tag?post=2953"}],"curies":[{"name":"wp","href":"https:\/\/api.w.org\/{rel}","templated":true}]}}