{"id":2934,"date":"2025-04-07T16:27:39","date_gmt":"2025-04-07T16:27:39","guid":{"rendered":"https:\/\/specifica.com.br\/site2024\/?post_type=product&#038;p=2934"},"modified":"2025-05-15T16:44:07","modified_gmt":"2025-05-15T16:44:07","slug":"locao-tonica-antisseborreica-angelica-e-alcacuz","status":"publish","type":"product","link":"https:\/\/specifica.com.br\/site2024\/produto\/linha-facial\/limpeza-de-pele-e-tonificacao\/locao-tonica-antisseborreica-angelica-e-alcacuz\/","title":{"rendered":"LO\u00c7\u00c3O T\u00d4NICA ANTISSEBORREICA ANG\u00c9LICA E ALCA\u00c7UZ"},"content":{"rendered":"","protected":false},"excerpt":{"rendered":"<p>Desengordurante, tamb\u00e9m promove a higieniza\u00e7\u00e3o perfeita das peles oleosas, acneicas, mistas e sens\u00edveis. Com a a\u00e7\u00e3o bactericida do triclosan e o efeito anti-inflamat\u00f3rio do alca\u00e7uz e da ang\u00e9lica.<\/p>\n","protected":false},"featured_media":3289,"comment_status":"open","ping_status":"closed","template":"","meta":{"_acf_changed":false},"product_brand":[],"product_cat":[61],"product_tag":[],"class_list":{"0":"post-2934","1":"product","2":"type-product","3":"status-publish","4":"has-post-thumbnail","6":"product_cat-limpeza-de-pele-e-tonificacao","8":"first","9":"instock","10":"shipping-taxable","11":"product-type-simple"},"acf":[],"_links":{"self":[{"href":"https:\/\/specifica.com.br\/site2024\/wp-json\/wp\/v2\/product\/2934","targetHints":{"allow":["GET"]}}],"collection":[{"href":"https:\/\/specifica.com.br\/site2024\/wp-json\/wp\/v2\/product"}],"about":[{"href":"https:\/\/specifica.com.br\/site2024\/wp-json\/wp\/v2\/types\/product"}],"replies":[{"embeddable":true,"href":"https:\/\/specifica.com.br\/site2024\/wp-json\/wp\/v2\/comments?post=2934"}],"wp:featuredmedia":[{"embeddable":true,"href":"https:\/\/specifica.com.br\/site2024\/wp-json\/wp\/v2\/media\/3289"}],"wp:attachment":[{"href":"https:\/\/specifica.com.br\/site2024\/wp-json\/wp\/v2\/media?parent=2934"}],"wp:term":[{"taxonomy":"product_brand","embeddable":true,"href":"https:\/\/specifica.com.br\/site2024\/wp-json\/wp\/v2\/product_brand?post=2934"},{"taxonomy":"product_cat","embeddable":true,"href":"https:\/\/specifica.com.br\/site2024\/wp-json\/wp\/v2\/product_cat?post=2934"},{"taxonomy":"product_tag","embeddable":true,"href":"https:\/\/specifica.com.br\/site2024\/wp-json\/wp\/v2\/product_tag?post=2934"}],"curies":[{"name":"wp","href":"https:\/\/api.w.org\/{rel}","templated":true}]}}