{"id":2912,"date":"2025-04-07T15:04:45","date_gmt":"2025-04-07T15:04:45","guid":{"rendered":"https:\/\/specifica.com.br\/site2024\/?post_type=product&#038;p=2912"},"modified":"2025-04-29T14:05:50","modified_gmt":"2025-04-29T14:05:50","slug":"shield","status":"publish","type":"product","link":"https:\/\/specifica.com.br\/site2024\/produto\/linha-facial\/hidratacao-facial\/shield\/","title":{"rendered":"SHIELD"},"content":{"rendered":"","protected":false},"excerpt":{"rendered":"<p>Moistshiel H\u00c1 \u00e9 um ativo que combina 8 formas de \u00c1cido Hialur\u00f4nico e um polissacar\u00eddeo vegetal em um \u00fanico produto. . Melhora da elasticidade da pele, est\u00edmulo da s\u00edntese e col\u00e1geno , aux\u00edlio\u00a0 no controle da inflama\u00e7\u00e3o, a\u00e7\u00e3o antirrugas e a\u00e7\u00e3o regeneradora.<\/p>\n","protected":false},"featured_media":2913,"comment_status":"open","ping_status":"closed","template":"","meta":{"_acf_changed":false},"product_brand":[],"product_cat":[59],"product_tag":[],"class_list":{"0":"post-2912","1":"product","2":"type-product","3":"status-publish","4":"has-post-thumbnail","6":"product_cat-hidratacao-facial","8":"first","9":"instock","10":"featured","11":"shipping-taxable","12":"product-type-simple"},"acf":[],"_links":{"self":[{"href":"https:\/\/specifica.com.br\/site2024\/wp-json\/wp\/v2\/product\/2912","targetHints":{"allow":["GET"]}}],"collection":[{"href":"https:\/\/specifica.com.br\/site2024\/wp-json\/wp\/v2\/product"}],"about":[{"href":"https:\/\/specifica.com.br\/site2024\/wp-json\/wp\/v2\/types\/product"}],"replies":[{"embeddable":true,"href":"https:\/\/specifica.com.br\/site2024\/wp-json\/wp\/v2\/comments?post=2912"}],"wp:featuredmedia":[{"embeddable":true,"href":"https:\/\/specifica.com.br\/site2024\/wp-json\/wp\/v2\/media\/2913"}],"wp:attachment":[{"href":"https:\/\/specifica.com.br\/site2024\/wp-json\/wp\/v2\/media?parent=2912"}],"wp:term":[{"taxonomy":"product_brand","embeddable":true,"href":"https:\/\/specifica.com.br\/site2024\/wp-json\/wp\/v2\/product_brand?post=2912"},{"taxonomy":"product_cat","embeddable":true,"href":"https:\/\/specifica.com.br\/site2024\/wp-json\/wp\/v2\/product_cat?post=2912"},{"taxonomy":"product_tag","embeddable":true,"href":"https:\/\/specifica.com.br\/site2024\/wp-json\/wp\/v2\/product_tag?post=2912"}],"curies":[{"name":"wp","href":"https:\/\/api.w.org\/{rel}","templated":true}]}}