{"id":1876,"date":"2023-12-13T17:04:21","date_gmt":"2023-12-13T17:04:21","guid":{"rendered":"https:\/\/specifica.com.br\/site2024\/?post_type=product&#038;p=1876"},"modified":"2025-04-15T13:58:43","modified_gmt":"2025-04-15T13:58:43","slug":"esfoliante-cristais-quartzo-e-hortela","status":"publish","type":"product","link":"https:\/\/specifica.com.br\/site2024\/produto\/linha-facial\/esfoliante-facial\/esfoliante-cristais-quartzo-e-hortela\/","title":{"rendered":"ESFOLIANTE CRISTAIS QUARTZO E HORTEL\u00c3"},"content":{"rendered":"","protected":false},"excerpt":{"rendered":"<p>Espuma cremosa refrescante, promove a retirada de c\u00e9lulas &#8220;mortas&#8221; melhorando a textura, deixando uma apar\u00eancia de pele saud\u00e1vel.<\/p>\n","protected":false},"featured_media":2973,"comment_status":"open","ping_status":"closed","template":"","meta":{"_acf_changed":false},"product_brand":[],"product_cat":[58],"product_tag":[],"class_list":{"0":"post-1876","1":"product","2":"type-product","3":"status-publish","4":"has-post-thumbnail","6":"product_cat-esfoliante-facial","8":"first","9":"instock","10":"shipping-taxable","11":"product-type-simple"},"acf":[],"_links":{"self":[{"href":"https:\/\/specifica.com.br\/site2024\/wp-json\/wp\/v2\/product\/1876","targetHints":{"allow":["GET"]}}],"collection":[{"href":"https:\/\/specifica.com.br\/site2024\/wp-json\/wp\/v2\/product"}],"about":[{"href":"https:\/\/specifica.com.br\/site2024\/wp-json\/wp\/v2\/types\/product"}],"replies":[{"embeddable":true,"href":"https:\/\/specifica.com.br\/site2024\/wp-json\/wp\/v2\/comments?post=1876"}],"wp:featuredmedia":[{"embeddable":true,"href":"https:\/\/specifica.com.br\/site2024\/wp-json\/wp\/v2\/media\/2973"}],"wp:attachment":[{"href":"https:\/\/specifica.com.br\/site2024\/wp-json\/wp\/v2\/media?parent=1876"}],"wp:term":[{"taxonomy":"product_brand","embeddable":true,"href":"https:\/\/specifica.com.br\/site2024\/wp-json\/wp\/v2\/product_brand?post=1876"},{"taxonomy":"product_cat","embeddable":true,"href":"https:\/\/specifica.com.br\/site2024\/wp-json\/wp\/v2\/product_cat?post=1876"},{"taxonomy":"product_tag","embeddable":true,"href":"https:\/\/specifica.com.br\/site2024\/wp-json\/wp\/v2\/product_tag?post=1876"}],"curies":[{"name":"wp","href":"https:\/\/api.w.org\/{rel}","templated":true}]}}