{"id":1821,"date":"2023-12-13T15:15:50","date_gmt":"2023-12-13T15:15:50","guid":{"rendered":"https:\/\/specifica.com.br\/site2024\/?post_type=product&#038;p=1821"},"modified":"2025-06-18T16:48:20","modified_gmt":"2025-06-18T16:48:20","slug":"sabonete-neutro-liquido-iris-germanica","status":"publish","type":"product","link":"https:\/\/specifica.com.br\/site2024\/produto\/linha-sabonetes\/sabonete-neutro-liquido-iris-germanica\/","title":{"rendered":"SABONETE NEUTRO LIQUIDO \u00cdRIS GERM\u00c2NICA"},"content":{"rendered":"","protected":false},"excerpt":{"rendered":"<p>Sabonete l\u00edquido, com pH fisiol\u00f3gico, higieniza removendo as impurezas, sem provocar ressecamento.<\/p>\n","protected":false},"featured_media":3506,"comment_status":"open","ping_status":"closed","template":"","meta":{"_acf_changed":false},"product_brand":[],"product_cat":[71],"product_tag":[],"class_list":{"0":"post-1821","1":"product","2":"type-product","3":"status-publish","4":"has-post-thumbnail","6":"product_cat-linha-sabonetes","8":"first","9":"instock","10":"shipping-taxable","11":"product-type-simple"},"acf":[],"_links":{"self":[{"href":"https:\/\/specifica.com.br\/site2024\/wp-json\/wp\/v2\/product\/1821","targetHints":{"allow":["GET"]}}],"collection":[{"href":"https:\/\/specifica.com.br\/site2024\/wp-json\/wp\/v2\/product"}],"about":[{"href":"https:\/\/specifica.com.br\/site2024\/wp-json\/wp\/v2\/types\/product"}],"replies":[{"embeddable":true,"href":"https:\/\/specifica.com.br\/site2024\/wp-json\/wp\/v2\/comments?post=1821"}],"wp:featuredmedia":[{"embeddable":true,"href":"https:\/\/specifica.com.br\/site2024\/wp-json\/wp\/v2\/media\/3506"}],"wp:attachment":[{"href":"https:\/\/specifica.com.br\/site2024\/wp-json\/wp\/v2\/media?parent=1821"}],"wp:term":[{"taxonomy":"product_brand","embeddable":true,"href":"https:\/\/specifica.com.br\/site2024\/wp-json\/wp\/v2\/product_brand?post=1821"},{"taxonomy":"product_cat","embeddable":true,"href":"https:\/\/specifica.com.br\/site2024\/wp-json\/wp\/v2\/product_cat?post=1821"},{"taxonomy":"product_tag","embeddable":true,"href":"https:\/\/specifica.com.br\/site2024\/wp-json\/wp\/v2\/product_tag?post=1821"}],"curies":[{"name":"wp","href":"https:\/\/api.w.org\/{rel}","templated":true}]}}