{"id":1799,"date":"2023-12-13T15:05:51","date_gmt":"2023-12-13T15:05:51","guid":{"rendered":"https:\/\/specifica.com.br\/site2024\/?post_type=product&#038;p=1799"},"modified":"2025-05-14T16:43:07","modified_gmt":"2025-05-14T16:43:07","slug":"gel-repelente-de-insetos","status":"publish","type":"product","link":"https:\/\/specifica.com.br\/site2024\/produto\/linha-repelentes-e-calmantes-de-picadas\/gel-repelente-de-insetos\/","title":{"rendered":"GEL REPELENTE DE INSETOS"},"content":{"rendered":"","protected":false},"excerpt":{"rendered":"<p>Gel repelente de insetos com\u00a0efic\u00e1cia e seguran\u00e7a toxicol\u00f3gica estabelecida em adultos, crian\u00e7as acima de 6 meses gestantes.<\/p>\n","protected":false},"featured_media":3272,"comment_status":"open","ping_status":"closed","template":"","meta":{"_acf_changed":false},"product_brand":[],"product_cat":[70],"product_tag":[],"class_list":{"0":"post-1799","1":"product","2":"type-product","3":"status-publish","4":"has-post-thumbnail","6":"product_cat-linha-repelentes-e-calmantes-de-picadas","8":"first","9":"instock","10":"shipping-taxable","11":"product-type-simple"},"acf":[],"_links":{"self":[{"href":"https:\/\/specifica.com.br\/site2024\/wp-json\/wp\/v2\/product\/1799","targetHints":{"allow":["GET"]}}],"collection":[{"href":"https:\/\/specifica.com.br\/site2024\/wp-json\/wp\/v2\/product"}],"about":[{"href":"https:\/\/specifica.com.br\/site2024\/wp-json\/wp\/v2\/types\/product"}],"replies":[{"embeddable":true,"href":"https:\/\/specifica.com.br\/site2024\/wp-json\/wp\/v2\/comments?post=1799"}],"wp:featuredmedia":[{"embeddable":true,"href":"https:\/\/specifica.com.br\/site2024\/wp-json\/wp\/v2\/media\/3272"}],"wp:attachment":[{"href":"https:\/\/specifica.com.br\/site2024\/wp-json\/wp\/v2\/media?parent=1799"}],"wp:term":[{"taxonomy":"product_brand","embeddable":true,"href":"https:\/\/specifica.com.br\/site2024\/wp-json\/wp\/v2\/product_brand?post=1799"},{"taxonomy":"product_cat","embeddable":true,"href":"https:\/\/specifica.com.br\/site2024\/wp-json\/wp\/v2\/product_cat?post=1799"},{"taxonomy":"product_tag","embeddable":true,"href":"https:\/\/specifica.com.br\/site2024\/wp-json\/wp\/v2\/product_tag?post=1799"}],"curies":[{"name":"wp","href":"https:\/\/api.w.org\/{rel}","templated":true}]}}