{"id":1793,"date":"2023-12-13T15:03:10","date_gmt":"2023-12-13T15:03:10","guid":{"rendered":"https:\/\/specifica.com.br\/site2024\/?post_type=product&#038;p=1793"},"modified":"2025-04-29T15:36:24","modified_gmt":"2025-04-29T15:36:24","slug":"creme-hidratante-para-os-pes","status":"publish","type":"product","link":"https:\/\/specifica.com.br\/site2024\/produto\/linha-pes-maos-e-unhas\/pes\/creme-hidratante-para-os-pes\/","title":{"rendered":"CREME HIDRATANTE PARA OS P\u00c9S"},"content":{"rendered":"","protected":false},"excerpt":{"rendered":"<p>Creme adequado a pele dos p\u00e9s, relaxando as tens\u00f5es e protegendo com uma delicada pel\u00edcula, eliminando o ressecamento e a aspereza.<\/p>\n","protected":false},"featured_media":3174,"comment_status":"open","ping_status":"closed","template":"","meta":{"_acf_changed":false},"product_brand":[],"product_cat":[68],"product_tag":[],"class_list":{"0":"post-1793","1":"product","2":"type-product","3":"status-publish","4":"has-post-thumbnail","6":"product_cat-pes","8":"first","9":"instock","10":"featured","11":"shipping-taxable","12":"product-type-simple"},"acf":[],"_links":{"self":[{"href":"https:\/\/specifica.com.br\/site2024\/wp-json\/wp\/v2\/product\/1793","targetHints":{"allow":["GET"]}}],"collection":[{"href":"https:\/\/specifica.com.br\/site2024\/wp-json\/wp\/v2\/product"}],"about":[{"href":"https:\/\/specifica.com.br\/site2024\/wp-json\/wp\/v2\/types\/product"}],"replies":[{"embeddable":true,"href":"https:\/\/specifica.com.br\/site2024\/wp-json\/wp\/v2\/comments?post=1793"}],"wp:featuredmedia":[{"embeddable":true,"href":"https:\/\/specifica.com.br\/site2024\/wp-json\/wp\/v2\/media\/3174"}],"wp:attachment":[{"href":"https:\/\/specifica.com.br\/site2024\/wp-json\/wp\/v2\/media?parent=1793"}],"wp:term":[{"taxonomy":"product_brand","embeddable":true,"href":"https:\/\/specifica.com.br\/site2024\/wp-json\/wp\/v2\/product_brand?post=1793"},{"taxonomy":"product_cat","embeddable":true,"href":"https:\/\/specifica.com.br\/site2024\/wp-json\/wp\/v2\/product_cat?post=1793"},{"taxonomy":"product_tag","embeddable":true,"href":"https:\/\/specifica.com.br\/site2024\/wp-json\/wp\/v2\/product_tag?post=1793"}],"curies":[{"name":"wp","href":"https:\/\/api.w.org\/{rel}","templated":true}]}}