{"id":1789,"date":"2023-12-13T15:01:23","date_gmt":"2023-12-13T15:01:23","guid":{"rendered":"https:\/\/specifica.com.br\/site2024\/?post_type=product&#038;p=1789"},"modified":"2025-04-07T16:42:24","modified_gmt":"2025-04-07T16:42:24","slug":"gel-de-silicone","status":"publish","type":"product","link":"https:\/\/specifica.com.br\/site2024\/produto\/linha-pes-maos-e-unhas\/maos\/gel-de-silicone\/","title":{"rendered":"GEL DE SILICONE"},"content":{"rendered":"","protected":false},"excerpt":{"rendered":"<p>Gel com a\u00e7\u00e3o film\u00f3gena e hidrof\u00f3bica previne e restaura a pele, em \u00e1reas sens\u00edveis e de atrito, diminuindo a irrita\u00e7\u00e3o e descama\u00e7\u00e3o.<\/p>\n","protected":false},"featured_media":2905,"comment_status":"open","ping_status":"closed","template":"","meta":{"_acf_changed":false},"product_brand":[],"product_cat":[67],"product_tag":[],"class_list":{"0":"post-1789","1":"product","2":"type-product","3":"status-publish","4":"has-post-thumbnail","6":"product_cat-maos","8":"first","9":"instock","10":"shipping-taxable","11":"product-type-simple"},"acf":[],"_links":{"self":[{"href":"https:\/\/specifica.com.br\/site2024\/wp-json\/wp\/v2\/product\/1789","targetHints":{"allow":["GET"]}}],"collection":[{"href":"https:\/\/specifica.com.br\/site2024\/wp-json\/wp\/v2\/product"}],"about":[{"href":"https:\/\/specifica.com.br\/site2024\/wp-json\/wp\/v2\/types\/product"}],"replies":[{"embeddable":true,"href":"https:\/\/specifica.com.br\/site2024\/wp-json\/wp\/v2\/comments?post=1789"}],"wp:featuredmedia":[{"embeddable":true,"href":"https:\/\/specifica.com.br\/site2024\/wp-json\/wp\/v2\/media\/2905"}],"wp:attachment":[{"href":"https:\/\/specifica.com.br\/site2024\/wp-json\/wp\/v2\/media?parent=1789"}],"wp:term":[{"taxonomy":"product_brand","embeddable":true,"href":"https:\/\/specifica.com.br\/site2024\/wp-json\/wp\/v2\/product_brand?post=1789"},{"taxonomy":"product_cat","embeddable":true,"href":"https:\/\/specifica.com.br\/site2024\/wp-json\/wp\/v2\/product_cat?post=1789"},{"taxonomy":"product_tag","embeddable":true,"href":"https:\/\/specifica.com.br\/site2024\/wp-json\/wp\/v2\/product_tag?post=1789"}],"curies":[{"name":"wp","href":"https:\/\/api.w.org\/{rel}","templated":true}]}}