{"id":1785,"date":"2023-12-13T14:59:47","date_gmt":"2023-12-13T14:59:47","guid":{"rendered":"https:\/\/specifica.com.br\/site2024\/?post_type=product&#038;p=1785"},"modified":"2025-05-09T13:40:35","modified_gmt":"2025-05-09T13:40:35","slug":"creme-de-silicone-para-as-maos","status":"publish","type":"product","link":"https:\/\/specifica.com.br\/site2024\/produto\/linha-pes-maos-e-unhas\/maos\/creme-de-silicone-para-as-maos\/","title":{"rendered":"CREME DE SILICONE PARA AS M\u00c3OS"},"content":{"rendered":"","protected":false},"excerpt":{"rendered":"<p>Creme siliconizado, hidrata, suaviza e regenera a pele das m\u00e3os \u00e1speras, formando um filme protetor de a\u00e7\u00e3o prolongada.<\/p>\n","protected":false},"featured_media":3236,"comment_status":"open","ping_status":"closed","template":"","meta":{"_acf_changed":false},"product_brand":[],"product_cat":[67],"product_tag":[],"class_list":{"0":"post-1785","1":"product","2":"type-product","3":"status-publish","4":"has-post-thumbnail","6":"product_cat-maos","8":"first","9":"instock","10":"shipping-taxable","11":"product-type-simple"},"acf":[],"_links":{"self":[{"href":"https:\/\/specifica.com.br\/site2024\/wp-json\/wp\/v2\/product\/1785","targetHints":{"allow":["GET"]}}],"collection":[{"href":"https:\/\/specifica.com.br\/site2024\/wp-json\/wp\/v2\/product"}],"about":[{"href":"https:\/\/specifica.com.br\/site2024\/wp-json\/wp\/v2\/types\/product"}],"replies":[{"embeddable":true,"href":"https:\/\/specifica.com.br\/site2024\/wp-json\/wp\/v2\/comments?post=1785"}],"wp:featuredmedia":[{"embeddable":true,"href":"https:\/\/specifica.com.br\/site2024\/wp-json\/wp\/v2\/media\/3236"}],"wp:attachment":[{"href":"https:\/\/specifica.com.br\/site2024\/wp-json\/wp\/v2\/media?parent=1785"}],"wp:term":[{"taxonomy":"product_brand","embeddable":true,"href":"https:\/\/specifica.com.br\/site2024\/wp-json\/wp\/v2\/product_brand?post=1785"},{"taxonomy":"product_cat","embeddable":true,"href":"https:\/\/specifica.com.br\/site2024\/wp-json\/wp\/v2\/product_cat?post=1785"},{"taxonomy":"product_tag","embeddable":true,"href":"https:\/\/specifica.com.br\/site2024\/wp-json\/wp\/v2\/product_tag?post=1785"}],"curies":[{"name":"wp","href":"https:\/\/api.w.org\/{rel}","templated":true}]}}