{"id":1781,"date":"2023-12-13T14:57:40","date_gmt":"2023-12-13T14:57:40","guid":{"rendered":"https:\/\/specifica.com.br\/site2024\/?post_type=product&#038;p=1781"},"modified":"2025-06-18T15:26:26","modified_gmt":"2025-06-18T15:26:26","slug":"locao-tonica-pos-barba-fotoprotetora-com-vitamina-c","status":"publish","type":"product","link":"https:\/\/specifica.com.br\/site2024\/produto\/linha-masculina\/locao-tonica-pos-barba-fotoprotetora-com-vitamina-c\/","title":{"rendered":"LO\u00c7\u00c3O T\u00d4NICA P\u00d3S BARBA FOTOPROTETORA COM VITAMINA C"},"content":{"rendered":"","protected":false},"excerpt":{"rendered":"<p>Lo\u00e7\u00e3o bactericida, regenera os poros e revitaliza a pele, ap\u00f3s o uso do barbeador ou da l\u00e2mina, com alto poder anti-inflamat\u00f3rio e hidratante.<\/p>\n","protected":false},"featured_media":3480,"comment_status":"open","ping_status":"closed","template":"","meta":{"_acf_changed":false},"product_brand":[],"product_cat":[65],"product_tag":[],"class_list":{"0":"post-1781","1":"product","2":"type-product","3":"status-publish","4":"has-post-thumbnail","6":"product_cat-linha-masculina","8":"first","9":"instock","10":"shipping-taxable","11":"product-type-simple"},"acf":[],"_links":{"self":[{"href":"https:\/\/specifica.com.br\/site2024\/wp-json\/wp\/v2\/product\/1781","targetHints":{"allow":["GET"]}}],"collection":[{"href":"https:\/\/specifica.com.br\/site2024\/wp-json\/wp\/v2\/product"}],"about":[{"href":"https:\/\/specifica.com.br\/site2024\/wp-json\/wp\/v2\/types\/product"}],"replies":[{"embeddable":true,"href":"https:\/\/specifica.com.br\/site2024\/wp-json\/wp\/v2\/comments?post=1781"}],"wp:featuredmedia":[{"embeddable":true,"href":"https:\/\/specifica.com.br\/site2024\/wp-json\/wp\/v2\/media\/3480"}],"wp:attachment":[{"href":"https:\/\/specifica.com.br\/site2024\/wp-json\/wp\/v2\/media?parent=1781"}],"wp:term":[{"taxonomy":"product_brand","embeddable":true,"href":"https:\/\/specifica.com.br\/site2024\/wp-json\/wp\/v2\/product_brand?post=1781"},{"taxonomy":"product_cat","embeddable":true,"href":"https:\/\/specifica.com.br\/site2024\/wp-json\/wp\/v2\/product_cat?post=1781"},{"taxonomy":"product_tag","embeddable":true,"href":"https:\/\/specifica.com.br\/site2024\/wp-json\/wp\/v2\/product_tag?post=1781"}],"curies":[{"name":"wp","href":"https:\/\/api.w.org\/{rel}","templated":true}]}}