{"id":1779,"date":"2023-12-13T14:56:52","date_gmt":"2023-12-13T14:56:52","guid":{"rendered":"https:\/\/specifica.com.br\/site2024\/?post_type=product&#038;p=1779"},"modified":"2025-05-09T16:48:58","modified_gmt":"2025-05-09T16:48:58","slug":"gel-regenerador-pos-barba","status":"publish","type":"product","link":"https:\/\/specifica.com.br\/site2024\/produto\/linha-masculina\/gel-regenerador-pos-barba\/","title":{"rendered":"GEL REGENERADOR P\u00d3S BARBA"},"content":{"rendered":"","protected":false},"excerpt":{"rendered":"<p>Gel suave com a\u00e7\u00e3o regeneradora, hidratante e bactericida. Impede a irrita\u00e7\u00e3o da pele ap\u00f3s o ato de barbear, deixando a pele macia.<\/p>\n","protected":false},"featured_media":3251,"comment_status":"open","ping_status":"closed","template":"","meta":{"_acf_changed":false},"product_brand":[],"product_cat":[65],"product_tag":[],"class_list":{"0":"post-1779","1":"product","2":"type-product","3":"status-publish","4":"has-post-thumbnail","6":"product_cat-linha-masculina","8":"first","9":"instock","10":"shipping-taxable","11":"product-type-simple"},"acf":[],"_links":{"self":[{"href":"https:\/\/specifica.com.br\/site2024\/wp-json\/wp\/v2\/product\/1779","targetHints":{"allow":["GET"]}}],"collection":[{"href":"https:\/\/specifica.com.br\/site2024\/wp-json\/wp\/v2\/product"}],"about":[{"href":"https:\/\/specifica.com.br\/site2024\/wp-json\/wp\/v2\/types\/product"}],"replies":[{"embeddable":true,"href":"https:\/\/specifica.com.br\/site2024\/wp-json\/wp\/v2\/comments?post=1779"}],"wp:featuredmedia":[{"embeddable":true,"href":"https:\/\/specifica.com.br\/site2024\/wp-json\/wp\/v2\/media\/3251"}],"wp:attachment":[{"href":"https:\/\/specifica.com.br\/site2024\/wp-json\/wp\/v2\/media?parent=1779"}],"wp:term":[{"taxonomy":"product_brand","embeddable":true,"href":"https:\/\/specifica.com.br\/site2024\/wp-json\/wp\/v2\/product_brand?post=1779"},{"taxonomy":"product_cat","embeddable":true,"href":"https:\/\/specifica.com.br\/site2024\/wp-json\/wp\/v2\/product_cat?post=1779"},{"taxonomy":"product_tag","embeddable":true,"href":"https:\/\/specifica.com.br\/site2024\/wp-json\/wp\/v2\/product_tag?post=1779"}],"curies":[{"name":"wp","href":"https:\/\/api.w.org\/{rel}","templated":true}]}}