{"id":1773,"date":"2023-12-13T14:53:47","date_gmt":"2023-12-13T14:53:47","guid":{"rendered":"https:\/\/specifica.com.br\/site2024\/?post_type=product&#038;p=1773"},"modified":"2025-11-07T15:45:40","modified_gmt":"2025-11-07T15:45:40","slug":"antiaging-labial-vitamina-c-e-acido-hialuronico-filler-up-sabor-morango","status":"publish","type":"product","link":"https:\/\/specifica.com.br\/site2024\/produto\/linha-labial\/antiaging-labial-vitamina-c-e-acido-hialuronico-filler-up-sabor-morango\/","title":{"rendered":"ANTIAGING LABIAL &#8211; VITAMINA C E \u00c1CIDO HIALUR\u00d4NICO &#8211; FILLER UP &#8211; SABOR MORANGO"},"content":{"rendered":"","protected":false},"excerpt":{"rendered":"<p>Gloss labial fotoprotetor umectante, mant\u00e9m a hidrata\u00e7\u00e3o da pele labial al\u00e9m de promover a melhora do microrrelevo dos l\u00e1bios.<\/p>\n","protected":false},"featured_media":3692,"comment_status":"open","ping_status":"closed","template":"","meta":{"_acf_changed":false},"product_brand":[],"product_cat":[64],"product_tag":[],"class_list":{"0":"post-1773","1":"product","2":"type-product","3":"status-publish","4":"has-post-thumbnail","6":"product_cat-linha-labial","8":"first","9":"instock","10":"shipping-taxable","11":"product-type-simple"},"acf":[],"_links":{"self":[{"href":"https:\/\/specifica.com.br\/site2024\/wp-json\/wp\/v2\/product\/1773","targetHints":{"allow":["GET"]}}],"collection":[{"href":"https:\/\/specifica.com.br\/site2024\/wp-json\/wp\/v2\/product"}],"about":[{"href":"https:\/\/specifica.com.br\/site2024\/wp-json\/wp\/v2\/types\/product"}],"replies":[{"embeddable":true,"href":"https:\/\/specifica.com.br\/site2024\/wp-json\/wp\/v2\/comments?post=1773"}],"wp:featuredmedia":[{"embeddable":true,"href":"https:\/\/specifica.com.br\/site2024\/wp-json\/wp\/v2\/media\/3692"}],"wp:attachment":[{"href":"https:\/\/specifica.com.br\/site2024\/wp-json\/wp\/v2\/media?parent=1773"}],"wp:term":[{"taxonomy":"product_brand","embeddable":true,"href":"https:\/\/specifica.com.br\/site2024\/wp-json\/wp\/v2\/product_brand?post=1773"},{"taxonomy":"product_cat","embeddable":true,"href":"https:\/\/specifica.com.br\/site2024\/wp-json\/wp\/v2\/product_cat?post=1773"},{"taxonomy":"product_tag","embeddable":true,"href":"https:\/\/specifica.com.br\/site2024\/wp-json\/wp\/v2\/product_tag?post=1773"}],"curies":[{"name":"wp","href":"https:\/\/api.w.org\/{rel}","templated":true}]}}