{"id":1769,"date":"2023-12-13T14:52:14","date_gmt":"2023-12-13T14:52:14","guid":{"rendered":"https:\/\/specifica.com.br\/site2024\/?post_type=product&#038;p=1769"},"modified":"2025-04-25T15:18:12","modified_gmt":"2025-04-25T15:18:12","slug":"gel-fotoprotetor","status":"publish","type":"product","link":"https:\/\/specifica.com.br\/site2024\/produto\/linha-fotoprotecao-e-bronzeador\/fotoprotetores\/gel-fotoprotetor\/","title":{"rendered":"GEL FOTOPROTETOR"},"content":{"rendered":"","protected":false},"excerpt":{"rendered":"<p>Gel de f\u00e1cil aplica\u00e7\u00e3o e natural resist\u00eancia a \u00e1gua, protege a pele contra os raios solares, sem deix\u00e1-la com aspecto oleoso.<\/p>\n","protected":false},"featured_media":3144,"comment_status":"open","ping_status":"closed","template":"","meta":{"_acf_changed":false},"product_brand":[],"product_cat":[63],"product_tag":[],"class_list":{"0":"post-1769","1":"product","2":"type-product","3":"status-publish","4":"has-post-thumbnail","6":"product_cat-fotoprotetores","8":"first","9":"instock","10":"shipping-taxable","11":"product-type-simple"},"acf":[],"_links":{"self":[{"href":"https:\/\/specifica.com.br\/site2024\/wp-json\/wp\/v2\/product\/1769","targetHints":{"allow":["GET"]}}],"collection":[{"href":"https:\/\/specifica.com.br\/site2024\/wp-json\/wp\/v2\/product"}],"about":[{"href":"https:\/\/specifica.com.br\/site2024\/wp-json\/wp\/v2\/types\/product"}],"replies":[{"embeddable":true,"href":"https:\/\/specifica.com.br\/site2024\/wp-json\/wp\/v2\/comments?post=1769"}],"wp:featuredmedia":[{"embeddable":true,"href":"https:\/\/specifica.com.br\/site2024\/wp-json\/wp\/v2\/media\/3144"}],"wp:attachment":[{"href":"https:\/\/specifica.com.br\/site2024\/wp-json\/wp\/v2\/media?parent=1769"}],"wp:term":[{"taxonomy":"product_brand","embeddable":true,"href":"https:\/\/specifica.com.br\/site2024\/wp-json\/wp\/v2\/product_brand?post=1769"},{"taxonomy":"product_cat","embeddable":true,"href":"https:\/\/specifica.com.br\/site2024\/wp-json\/wp\/v2\/product_cat?post=1769"},{"taxonomy":"product_tag","embeddable":true,"href":"https:\/\/specifica.com.br\/site2024\/wp-json\/wp\/v2\/product_tag?post=1769"}],"curies":[{"name":"wp","href":"https:\/\/api.w.org\/{rel}","templated":true}]}}