{"id":1745,"date":"2023-12-13T14:41:17","date_gmt":"2023-12-13T14:41:17","guid":{"rendered":"https:\/\/specifica.com.br\/site2024\/?post_type=product&#038;p=1745"},"modified":"2025-04-10T15:11:23","modified_gmt":"2025-04-10T15:11:23","slug":"mousse-fotoprotetor-com-vitaminas","status":"publish","type":"product","link":"https:\/\/specifica.com.br\/site2024\/produto\/linha-facial\/hidratacao-facial-com-fotoprotecao\/mousse-fotoprotetor-com-vitaminas\/","title":{"rendered":"MOUSSE FOTOPROTETOR COM VITAMINAS"},"content":{"rendered":"","protected":false},"excerpt":{"rendered":"<p>Gel creme de textura fina e sedosa, para prote\u00e7\u00e3o solar e a\u00e7\u00e3o antirradicais livres.<\/p>\n","protected":false},"featured_media":2960,"comment_status":"open","ping_status":"closed","template":"","meta":{"_acf_changed":false},"product_brand":[],"product_cat":[60],"product_tag":[],"class_list":{"0":"post-1745","1":"product","2":"type-product","3":"status-publish","4":"has-post-thumbnail","6":"product_cat-hidratacao-facial-com-fotoprotecao","8":"first","9":"instock","10":"shipping-taxable","11":"product-type-simple"},"acf":[],"_links":{"self":[{"href":"https:\/\/specifica.com.br\/site2024\/wp-json\/wp\/v2\/product\/1745","targetHints":{"allow":["GET"]}}],"collection":[{"href":"https:\/\/specifica.com.br\/site2024\/wp-json\/wp\/v2\/product"}],"about":[{"href":"https:\/\/specifica.com.br\/site2024\/wp-json\/wp\/v2\/types\/product"}],"replies":[{"embeddable":true,"href":"https:\/\/specifica.com.br\/site2024\/wp-json\/wp\/v2\/comments?post=1745"}],"wp:featuredmedia":[{"embeddable":true,"href":"https:\/\/specifica.com.br\/site2024\/wp-json\/wp\/v2\/media\/2960"}],"wp:attachment":[{"href":"https:\/\/specifica.com.br\/site2024\/wp-json\/wp\/v2\/media?parent=1745"}],"wp:term":[{"taxonomy":"product_brand","embeddable":true,"href":"https:\/\/specifica.com.br\/site2024\/wp-json\/wp\/v2\/product_brand?post=1745"},{"taxonomy":"product_cat","embeddable":true,"href":"https:\/\/specifica.com.br\/site2024\/wp-json\/wp\/v2\/product_cat?post=1745"},{"taxonomy":"product_tag","embeddable":true,"href":"https:\/\/specifica.com.br\/site2024\/wp-json\/wp\/v2\/product_tag?post=1745"}],"curies":[{"name":"wp","href":"https:\/\/api.w.org\/{rel}","templated":true}]}}