{"id":2149,"date":"2024-01-11T00:45:51","date_gmt":"2024-01-11T00:45:51","guid":{"rendered":"https:\/\/specifica.com.br\/site2024\/?page_id=2149"},"modified":"2024-01-11T12:32:12","modified_gmt":"2024-01-11T12:32:12","slug":"termos-de-uso","status":"publish","type":"page","link":"https:\/\/specifica.com.br\/site2024\/termos-de-uso\/","title":{"rendered":"Termos de Uso"},"content":{"rendered":"\t\t<div data-elementor-type=\"wp-page\" data-elementor-id=\"2149\" class=\"elementor elementor-2149\" data-elementor-post-type=\"page\">\n\t\t\t\t\t\t<section class=\"ob-is-breaking-bad elementor-section elementor-top-section elementor-element elementor-element-485360a5 elementor-section-full_width elementor-section-height-min-height elementor-section-height-default elementor-section-items-middle\" data-id=\"485360a5\" data-element_type=\"section\" id=\"topo\" data-settings=\"{&quot;jet_parallax_layout_list&quot;:[],&quot;background_background&quot;:&quot;classic&quot;,&quot;_ob_bbad_use_it&quot;:&quot;yes&quot;,&quot;_ob_bbad_sssic_use&quot;:&quot;no&quot;,&quot;_ob_glider_is_slider&quot;:&quot;no&quot;}\">\n\t\t\t\t\t\t<div class=\"elementor-container elementor-column-gap-default\">\n\t\t\t\t\t<div class=\"elementor-column elementor-col-100 elementor-top-column elementor-element elementor-element-43da5cfd\" data-id=\"43da5cfd\" data-element_type=\"column\" data-settings=\"{&quot;_ob_bbad_is_stalker&quot;:&quot;no&quot;,&quot;_ob_teleporter_use&quot;:false,&quot;_ob_column_hoveranimator&quot;:&quot;no&quot;,&quot;_ob_column_has_pseudo&quot;:&quot;no&quot;}\">\n\t\t\t<div class=\"elementor-widget-wrap\">\n\t\t\t\t\t\t\t<\/div>\n\t\t<\/div>\n\t\t\t\t\t<\/div>\n\t\t<\/section>\n\t\t\t\t<section class=\"ob-is-breaking-bad elementor-section elementor-top-section elementor-element elementor-element-476f8655 elementor-section-boxed elementor-section-height-default elementor-section-height-default\" data-id=\"476f8655\" data-element_type=\"section\" data-settings=\"{&quot;background_background&quot;:&quot;classic&quot;,&quot;jet_parallax_layout_list&quot;:[],&quot;_ob_bbad_use_it&quot;:&quot;yes&quot;,&quot;_ob_bbad_sssic_use&quot;:&quot;no&quot;,&quot;_ob_glider_is_slider&quot;:&quot;no&quot;}\">\n\t\t\t\t\t\t<div class=\"elementor-container elementor-column-gap-default\">\n\t\t\t\t\t<div class=\"elementor-column elementor-col-100 elementor-top-column elementor-element elementor-element-308fa67\" data-id=\"308fa67\" data-element_type=\"column\" data-settings=\"{&quot;background_background&quot;:&quot;classic&quot;,&quot;_ob_bbad_is_stalker&quot;:&quot;no&quot;,&quot;_ob_teleporter_use&quot;:false,&quot;_ob_column_hoveranimator&quot;:&quot;no&quot;,&quot;_ob_column_has_pseudo&quot;:&quot;no&quot;}\">\n\t\t\t<div class=\"elementor-widget-wrap elementor-element-populated\">\n\t\t\t\t\t\t<div class=\"elementor-element elementor-element-7bcdbf8a elementor-align-center ob-has-background-overlay elementor-widget elementor-widget-button\" data-id=\"7bcdbf8a\" data-element_type=\"widget\" data-settings=\"{&quot;_ob_butterbutton_use_it&quot;:&quot;no&quot;,&quot;_ob_perspektive_use&quot;:&quot;no&quot;,&quot;_ob_poopart_use&quot;:&quot;yes&quot;,&quot;_ob_shadough_use&quot;:&quot;no&quot;,&quot;_ob_allow_hoveranimator&quot;:&quot;no&quot;,&quot;_ob_widget_stalker_use&quot;:&quot;no&quot;}\" data-widget_type=\"button.default\">\n\t\t\t\t<div class=\"elementor-widget-container\">\n\t\t\t\t\t\t\t\t\t<div class=\"elementor-button-wrapper\">\n\t\t\t\t\t<a class=\"elementor-button elementor-size-sm\" role=\"button\">\n\t\t\t\t\t\t<span class=\"elementor-button-content-wrapper\">\n\t\t\t\t\t\t\t\t\t<span class=\"elementor-button-text\">Termos de Uso<\/span>\n\t\t\t\t\t<\/span>\n\t\t\t\t\t<\/a>\n\t\t\t\t<\/div>\n\t\t\t\t\t\t\t\t<\/div>\n\t\t\t\t<\/div>\n\t\t\t\t<div class=\"elementor-element elementor-element-6506eec ob-has-background-overlay elementor-widget elementor-widget-spacer\" data-id=\"6506eec\" data-element_type=\"widget\" data-settings=\"{&quot;_ob_spacerat_use&quot;:&quot;no&quot;,&quot;_ob_perspektive_use&quot;:&quot;no&quot;,&quot;_ob_poopart_use&quot;:&quot;yes&quot;,&quot;_ob_shadough_use&quot;:&quot;no&quot;,&quot;_ob_allow_hoveranimator&quot;:&quot;no&quot;,&quot;_ob_widget_stalker_use&quot;:&quot;no&quot;}\" data-widget_type=\"spacer.default\">\n\t\t\t\t<div class=\"elementor-widget-container\">\n\t\t\t\t\t\t\t<div class=\"elementor-spacer\">\n\t\t\t<div class=\"elementor-spacer-inner\"><\/div>\n\t\t<\/div>\n\t\t\t\t\t\t<\/div>\n\t\t\t\t<\/div>\n\t\t\t\t<div class=\"elementor-element elementor-element-153ed2ad ob-harakiri-inherit ob-has-background-overlay elementor-widget elementor-widget-heading\" data-id=\"153ed2ad\" data-element_type=\"widget\" data-settings=\"{&quot;_ob_use_harakiri&quot;:&quot;yes&quot;,&quot;_ob_harakiri_writing_mode&quot;:&quot;inherit&quot;,&quot;_ob_harakiri_text_clip&quot;:&quot;none&quot;,&quot;_ob_perspektive_use&quot;:&quot;no&quot;,&quot;_ob_poopart_use&quot;:&quot;yes&quot;,&quot;_ob_shadough_use&quot;:&quot;no&quot;,&quot;_ob_allow_hoveranimator&quot;:&quot;no&quot;,&quot;_ob_widget_stalker_use&quot;:&quot;no&quot;}\" data-widget_type=\"heading.default\">\n\t\t\t\t<div class=\"elementor-widget-container\">\n\t\t\t\t\t<h2 class=\"elementor-heading-title elementor-size-default\">Termos de Uso do site da Pharm\u00e1cia Spec\u00edfica - DD 05.17.05<\/h2>\t\t\t\t<\/div>\n\t\t\t\t<\/div>\n\t\t\t\t<div class=\"elementor-element elementor-element-4b3e5eab ob-harakiri-inherit ob-has-background-overlay elementor-widget elementor-widget-text-editor\" data-id=\"4b3e5eab\" data-element_type=\"widget\" data-settings=\"{&quot;_ob_use_harakiri&quot;:&quot;yes&quot;,&quot;_ob_harakiri_writing_mode&quot;:&quot;inherit&quot;,&quot;_ob_postman_use&quot;:&quot;no&quot;,&quot;_ob_perspektive_use&quot;:&quot;no&quot;,&quot;_ob_poopart_use&quot;:&quot;yes&quot;,&quot;_ob_shadough_use&quot;:&quot;no&quot;,&quot;_ob_allow_hoveranimator&quot;:&quot;no&quot;,&quot;_ob_widget_stalker_use&quot;:&quot;no&quot;}\" data-widget_type=\"text-editor.default\">\n\t\t\t\t<div class=\"elementor-widget-container\">\n\t\t\t\t\t\t\t\t\t<p><strong>Bem-vindo ao site da Pharm\u00e1cia Spec\u00edfica!\u00a0<\/strong><\/p><p>Por favor, leia atentamente os termos e condi\u00e7\u00f5es abaixo estipulados (\u201cTermos de Uso\u201d) para que voc\u00ea possa usufruir da nossa plataforma, bem como dos servi\u00e7os disponibilizados por Pharm\u00e1cia Spec\u00edfica, uma sociedade constitu\u00edda de acordo com as leis do Brasil e devidamente registrada no CNPJ sob o n\u00ba 52.791.548\/0001-09.<\/p><p>O uso do site \u00e9 regido por estes \u201cTermos de Uso e Pol\u00edtica de Privacidade\u201d (os \u201cTermos de Uso\u201d), que devem ser lidos atentamente antes do uso.<\/p><p><strong>Condi\u00e7\u00e3o de Aceite<\/strong><\/p><p>Ao utilizar o site da Pharm\u00e1cia Spec\u00edfica, o USU\u00c1RIO est\u00e1 concordando com estes \u201cTermos de Uso e a Pol\u00edtica de Privacidade\u201d, parte integrante de nossos \u201cTermos de Uso\u201d do site de forma que a utiliza\u00e7\u00e3o do site representa sua integral e incondicional aceita\u00e7\u00e3o a estes \u201cTermos de Uso\u201d.<\/p><p>\u00c9 considerado uso do site:<\/p><p>a) Registrar-se no site da Pharm\u00e1cia Spec\u00edfica;<br \/>b) Acessar e utilizar o site de qualquer forma, incluindo a navega\u00e7\u00e3o, visualiza\u00e7\u00e3o, recebimento e transmiss\u00e3o de dados, informa\u00e7\u00f5es e\/ou mensagens de ou para o site.<\/p><p><strong>N\u00e3o aceita\u00e7\u00e3o dos \u201cTermos de Uso\u201d<\/strong><\/p><p>Caso n\u00e3o concorde com quaisquer dos termos e condi\u00e7\u00f5es, n\u00e3o utilize o site ou quaisquer de nossos servi\u00e7os. Sua utiliza\u00e7\u00e3o implica concord\u00e2ncia integral e incondicional aos \u201cTermos de Uso\u201d.<\/p><p><strong>Modifica\u00e7\u00e3o dos Termos de Uso<\/strong><\/p><p>O site da Pharm\u00e1cia Spec\u00edfica se reserva o direito de alterar os \u201cTermos de Uso\u201d a qualquer tempo, sem necessidade de aviso ou aceita\u00e7\u00e3o pr\u00e9via.<\/p><p>Em caso de modifica\u00e7\u00e3o, o site da Pharm\u00e1cia Spec\u00edfica ir\u00e1 lhe enviar uma comunica\u00e7\u00e3o no endere\u00e7o de e-mail cadastrado ou atrav\u00e9s de sua conta de USU\u00c1RIO. Caso voc\u00ea n\u00e3o concorde com as modifica\u00e7\u00f5es que fizemos, voc\u00ea dever\u00e1 cancelar sua conta e cessar todo e qualquer uso do site da Pharm\u00e1cia Spec\u00edfica e de nossos servi\u00e7os no prazo de 3 (tr\u00eas) dias contados a partir da publica\u00e7\u00e3o das modifica\u00e7\u00f5es ou do recebimento da comunica\u00e7\u00e3o informando sobre as modifica\u00e7\u00f5es.<\/p><p><strong>Do uso continuado ap\u00f3s altera\u00e7\u00e3o dos \u201cTermos de Uso\u201d<\/strong><\/p><p>Na aus\u00eancia de manifesta\u00e7\u00e3o no prazo estipulado, entenderemos que o USU\u00c1RIO aceitou plena e tacitamente os novos \u201cTermos de Uso\u201d, ficando a eles vinculado. Isso vale, igualmente, para o uso continuado do site da Pharm\u00e1cia Spec\u00edfica e de nossos servi\u00e7os ap\u00f3s as modifica\u00e7\u00f5es entrarem em vigor, o que tamb\u00e9m ser\u00e1 considerado como aceita\u00e7\u00e3o dos novos \u201cTermos de Uso\u201d.<\/p><p><strong>Da comunica\u00e7\u00e3o de altera\u00e7\u00e3o dos \u201cTermos de Uso\u201d<\/strong><\/p><p>N\u00f3s sempre lhe comunicaremos sobre qualquer modifica\u00e7\u00e3o nos termos de uso, mas recomendamos que o USU\u00c1RIO os reveja com frequ\u00eancia para que esteja a par de quaisquer atualiza\u00e7\u00f5es e\/ou modifica\u00e7\u00f5es que porventura venhamos a fazer.<\/p><p><strong>1. Das Caracter\u00edsticas e atividades do site da Pharm\u00e1cia Spec\u00edfica<\/strong><br \/>O site da Pharm\u00e1cia Spec\u00edfica \u00e9 uma plataforma on-line de farm\u00e1cia magistral (ou farm\u00e1cia de manipula\u00e7\u00e3o) que possui o objetivo de atender clientes que t\u00eam interesse em seus produtos, sejam medicamentos ou n\u00e3o.<br \/>O objetivo da presente plataforma \u00e9 ser canal de divulga\u00e7\u00e3o e comunica\u00e7\u00e3o entre cliente e farm\u00e1cia.<\/p><p><strong>2. Do Acesso ao Site e aos Servi\u00e7os<\/strong><br \/>O site da Pharm\u00e1cia Spec\u00edfica pode ser acessado por meio do endere\u00e7o eletr\u00f4nico https:\/\/www.specifica.com.br<\/p><p>A fim de acessar o site e utilizar os servi\u00e7os, o USU\u00c1RIO deve manter e operar o software e hardware necess\u00e1rios para tal. O USU\u00c1RIO \u00e9 o \u00fanico e exclusivo respons\u00e1vel por adquirir, instalar e manter todo e qualquer software e hardware necess\u00e1rios para acessar o site. O site da Pharm\u00e1cia Spec\u00edfica n\u00e3o se responsabiliza por qualquer dificuldade t\u00e9cnica decorrente do uso de software e hardware de terceiros.<\/p><p><strong>3. Quem pode se cadastrar<\/strong><br \/>Os servi\u00e7os do LUCKRO est\u00e3o dispon\u00edveis para pessoas f\u00edsicas que tenham capacidade legal para contrat\u00e1-los. N\u00e3o podem utiliz\u00e1-los, assim, pessoas que n\u00e3o gozem dessa capacidade, inclusive menores de idade ou pessoas que tenham sido inabilitadas do site da Pharm\u00e1cia Spec\u00edfica, tempor\u00e1ria ou definitivamente.<\/p><p><strong>4. Cadastro de USU\u00c1RIOS<\/strong><br \/>Para a plena frui\u00e7\u00e3o de todas as funcionalidades e servi\u00e7os oferecidos no site da Pharm\u00e1cia Spec\u00edfica, ser\u00e1 necess\u00e1ria a cria\u00e7\u00e3o de uma conta pessoal de USU\u00c1RIO atrav\u00e9s do preenchimento de alguns dados pessoais.<\/p><p>Para a cria\u00e7\u00e3o de conta pessoal, o USU\u00c1RIO dever\u00e1 informar:<br \/>a) Nome completo;<br \/>b) E-mail;<br \/>c) Nome de USU\u00c1RIO e senha.<br \/>Com estes dados, o USU\u00c1RIO poder\u00e1 se cadastrar no site e realizar o login.<\/p><p><strong>5. Responsabilidade dos dados informados pelo USU\u00c1RIO<\/strong><br \/>\u00c9 de exclusiva responsabilidade do USU\u00c1RIO fornecer, atualizar e garantir a veracidade dos dados cadastrais, n\u00e3o cabendo ao site da Pharm\u00e1cia Spec\u00edfica qualquer tipo de responsabilidade civil e\/ou criminal resultante de dados inver\u00eddicos, incorretos ou incompletos fornecidos pelo USU\u00c1RIO.<\/p><p>O site da Pharm\u00e1cia Spec\u00edfica se reserva o direito de utilizar todos os meios v\u00e1lidos e poss\u00edveis para identificar seu USU\u00c1RIO, bem como de solicitar dados adicionais e documentos que considere necess\u00e1rios para conferir os dados pessoais informados.<\/p><p>Em situa\u00e7\u00f5es nas quais considerar que um cadastro ou as informa\u00e7\u00f5es nele contidas cont\u00eam dados err\u00f4neos ou inver\u00eddicos, o site da Pharm\u00e1cia Spec\u00edfica se reserva o direito de suspender, tempor\u00e1ria ou definitivamente, o cadastro do USU\u00c1RIO, sem preju\u00edzo de outras medidas que entenda necess\u00e1rias e oportunas.<\/p><p>No caso de cancelamento\/exclus\u00e3o do cadastro do USU\u00c1RIO ou de aplica\u00e7\u00e3o de qualquer outra san\u00e7\u00e3o, n\u00e3o assistir\u00e1 ao USU\u00c1RIO direito a qualquer tipo de indeniza\u00e7\u00e3o ou ressarcimento por perdas e danos, lucros cessantes e\/ou danos morais.<\/p><p><strong>6. Login e senha<\/strong><br \/>O USU\u00c1RIO \u00e9 o \u00fanico respons\u00e1vel pelas atividades que ocorrem em seu cadastro e login, devendo guardar sua senha de acesso em local seguro. Havendo qualquer viola\u00e7\u00e3o de seguran\u00e7a, perda de senha ou uso n\u00e3o autorizado de seu cadastro, o USU\u00c1RIO deve notificar o site da Pharm\u00e1cia Spec\u00edfica imediatamente sobre o fato.<\/p><p>\u00c9 de responsabilidade exclusiva do USU\u00c1RIO toda e qualquer atividade e\/ou opera\u00e7\u00f5es efetuadas em sua conta, at\u00e9 que o USU\u00c1RIO encerre ou comprove que a seguran\u00e7a da sua conta foi comprometida por motivos outros que n\u00e3o sua pr\u00f3pria falha.<\/p><p>Em caso de constata\u00e7\u00e3o de infra\u00e7\u00e3o do USU\u00c1RIO aos presentes \u201cTermos de Uso\u201d ou de qualquer viola\u00e7\u00e3o \u00e0 legisla\u00e7\u00e3o em vigor, o cadastro do USU\u00c1RIO ser\u00e1 bloqueado e a conta poder\u00e1 ser exclu\u00edda, ficando sem acesso ao site da Pharm\u00e1cia Spec\u00edfica e a nossos Servi\u00e7os, independentemente de pr\u00e9via notifica\u00e7\u00e3o, a exclusivo crit\u00e9rio do site da Pharm\u00e1cia Spec\u00edfica.<\/p><p><strong>7. Do cancelamento de USU\u00c1RIO pelo site da Pharm\u00e1cia Spec\u00edfica<\/strong><br \/>Sem preju\u00edzo das demais disposi\u00e7\u00f5es aqui contidas e de outras medidas que entender cab\u00edveis, o site da Pharm\u00e1cia Spec\u00edfica poder\u00e1 advertir, suspender ou cancelar, tempor\u00e1ria ou definitivamente, o cadastro e a Conta do USU\u00c1RIO, a qualquer tempo, iniciando as a\u00e7\u00f5es legais cab\u00edveis e\/ou suspendendo a execu\u00e7\u00e3o destes \u201cTermos de Uso\u201d, se o USU\u00c1RIO n\u00e3o cumprir qualquer dispositivo aqui previsto e demais pol\u00edticas do site da Pharm\u00e1cia Spec\u00edfica.<\/p><p><strong>8. Envio de mensagens de marketing<\/strong><br \/>O site da Pharm\u00e1cia Spec\u00edfica solicitar\u00e1, quando do cadastrado em nosso site, o consentimento para envio de mensagens e notifica\u00e7\u00f5es sobre atividades, an\u00fancios, informa\u00e7\u00f5es promocionais, campanhas de marketing em geral, avisos relacionados a temas de interesse e outros comunicados, sejam eles pr\u00f3prios ou de terceiros. O USU\u00c1RIO possui a liberdade de alterar suas prefer\u00eancias em sua conta a qualquer momento, para conceder ou revogar o consentimento para envio de mensagens de marketing, em conformidade com a Lei Geral de Prote\u00e7\u00e3o de Dados Pessoais (Lei n\u00ba 13.709\/2018).<\/p><p><strong>9. Pol\u00edtica de uso de cookies<\/strong><br \/>O site da Pharm\u00e1cia Spec\u00edfica poder\u00e1 enviar cookies (pequenos arquivos) de dados armazenados em seus aparelhos quando navega e usa sites e outros servi\u00e7os on-line, que poder\u00e3o ser habilitados (e controlados) pelo USU\u00c1RIO, referentes ao escopo de seus dados e finalidades.<\/p><p>Os cookies s\u00e3o utilizados pelo site da Pharm\u00e1cia Spec\u00edfica para fazer com que o site funcione de forma mais eficiente e para que possamos manter o controle de determinados dados estat\u00edsticos que nos ajudam a melhorar o nosso site, al\u00e9m de fornecer informa\u00e7\u00f5es que podem eventualmente ajudar na gera\u00e7\u00e3o de dados e na consequente personaliza\u00e7\u00e3o do servi\u00e7o e\/ou publicidade. Os cookies utilizados pelo site da Pharm\u00e1cia Spec\u00edfica n\u00e3o cont\u00eam dados de identifica\u00e7\u00e3o pessoal, em conformidade com os padr\u00f5es de ind\u00fastria e dos navegadores mais utilizados.<\/p><p><strong>10. Pol\u00edtica de uso de dados<\/strong><br \/>Utilizaremos suas informa\u00e7\u00f5es para fornecer, proteger, corrigir e aprimorar nossos servi\u00e7os, limitando-se a:<br \/>a) obter estat\u00edsticas e m\u00e9tricas a respeito do perfil dos usu\u00e1rios e clientes, assim como de nosso atendimento e conte\u00fado em raz\u00e3o desses resultados;<br \/>b) identificar erros de programa\u00e7\u00e3o que possam afetar a navega\u00e7\u00e3o;<br \/>c) gerenciar a base de usu\u00e1rios do site e a intera\u00e7\u00e3o entre estes.<\/p><p><strong>11. Pol\u00edtica de Privacidade<\/strong><br \/>O site da Pharm\u00e1cia Spec\u00edfica informa que realizar\u00e1 a gest\u00e3o e tratamento dos dados pessoais obtidos do USU\u00c1RIO apenas para estritas finalidades da \u201cPol\u00edtica de Uso de Dados\u201d, mantendo estrito sigilo sobre esses dados, que n\u00e3o ser\u00e3o compartilhados com terceiros sem a pr\u00e9via e expressa anu\u00eancia do titular (exceto em caso de solicita\u00e7\u00f5es judiciais, nas quais o dado ser\u00e1 compartilhado e o titular informado do compartilhamento solicitado judicialmente).<\/p><p><strong>12. Solicita\u00e7\u00f5es referente a dados pessoais<\/strong><br \/>O site da Pharm\u00e1cia Spec\u00edfica informa que o titular de dados pessoais poder\u00e1 exercer os seus direitos de informa\u00e7\u00e3o, acesso, altera\u00e7\u00e3o e\/ou remo\u00e7\u00e3o mediante seu painel de controle ou contato expresso com nossa equipe, por meio do e-mail atendimento@specifica.com.br e telefone 14-3104-3355.<\/p><p><strong>13. Pol\u00edtica de Seguran\u00e7a da Informa\u00e7\u00e3o<\/strong><br \/>O site da Pharm\u00e1cia Spec\u00edfica adota todas as medidas adequadas de seguran\u00e7a t\u00e9cnica e organizacional para proteger os seus dados, em conformidade com os melhores padr\u00f5es da ind\u00fastria. Entretanto, voc\u00ea deve ter plena ci\u00eancia de que nenhum sistema de seguran\u00e7a oferece total garantia, de forma que site da Pharm\u00e1cia Spec\u00edfica n\u00e3o se responsabiliza por vazamento de dados, quando comprovado que este tenha se dado de forma criminosa, mediante o emprego de recursos tecnol\u00f3gicos superiores aos padr\u00f5es usualmente aceit\u00e1veis pela ind\u00fastria e que s\u00e3o utilizados pelo site da Pharm\u00e1cia Spec\u00edfica.<\/p><p><strong>14. Comunica\u00e7\u00e3o de incidentes de seguran\u00e7a da informa\u00e7\u00e3o<\/strong><br \/>O site da Pharm\u00e1cia Spec\u00edfica comunicar\u00e1, em aten\u00e7\u00e3o \u00e0 Lei Geral de Prote\u00e7\u00e3o de Dados Pessoais (Lei n\u00ba 13.709\/2018), qualquer incidente de seguran\u00e7a e\/ou viola\u00e7\u00e3o de privacidade, em prazo razo\u00e1vel ap\u00f3s sua identifica\u00e7\u00e3o, podendo site da Pharm\u00e1cia Spec\u00edfica escolher a forma mais adequada para a comunica\u00e7\u00e3o (como e-mail ou telefone).<\/p><p><strong>15. T\u00e9rmino<\/strong><br \/>O site da Pharm\u00e1cia Spec\u00edfica mant\u00e9m o direito de, a qualquer momento, rescindir estes \u201cTermos de Uso\u201d e seu acesso ao site ou a quaisquer servi\u00e7os, por qualquer raz\u00e3o, sem aviso pr\u00e9vio.<\/p><p><strong>16. Disposi\u00e7\u00f5es gerais<\/strong><br \/>O n\u00e3o exerc\u00edcio ou o atraso no exerc\u00edcio, pelas partes, de qualquer direito constante destes \u201cTermos de Uso\u201d n\u00e3o dever\u00e1 ser interpretado como uma ren\u00fancia, desist\u00eancia ou nova\u00e7\u00e3o. A proibi\u00e7\u00e3o, invalidade ou inexequibilidade de qualquer disposi\u00e7\u00e3o destes \u201cTermos de Uso\u201d n\u00e3o o invalidar\u00e1 ou afetar\u00e1 como um todo, devendo permanecer em vigor todas as demais disposi\u00e7\u00f5es que n\u00e3o tenham sido afetadas pela proibi\u00e7\u00e3o, invalidade ou inexequibilidade da cl\u00e1usula inoperante.<\/p><p>O USU\u00c1RIO n\u00e3o poder\u00e1 ceder ou transferir a qualquer terceiro, total ou parcialmente, seus direitos e obriga\u00e7\u00f5es decorrentes destes \u201cTermos de Uso\u201d.<br \/>Fica eleito o Foro Central da Comarca de Bauru, Estado do S\u00e3o Paulo, como o \u00fanico competente para dirimir quaisquer controv\u00e9rsias decorrentes deste instrumento, independentemente de qualquer outro, por mais privilegiado que seja ou venha a ser.<\/p><p>Quaisquer d\u00favidas, cr\u00edticas, sugest\u00f5es e\/ou reclama\u00e7\u00f5es poder\u00e3o ser feitas pelo e-mail atendimento@specifica.com.br e telefone 14-31043355.<\/p>\t\t\t\t\t\t\t\t<\/div>\n\t\t\t\t<\/div>\n\t\t\t\t<div class=\"elementor-element elementor-element-44648ca6 ob-has-background-overlay elementor-widget elementor-widget-spacer\" data-id=\"44648ca6\" data-element_type=\"widget\" data-settings=\"{&quot;_ob_spacerat_use&quot;:&quot;no&quot;,&quot;_ob_perspektive_use&quot;:&quot;no&quot;,&quot;_ob_poopart_use&quot;:&quot;yes&quot;,&quot;_ob_shadough_use&quot;:&quot;no&quot;,&quot;_ob_allow_hoveranimator&quot;:&quot;no&quot;,&quot;_ob_widget_stalker_use&quot;:&quot;no&quot;}\" data-widget_type=\"spacer.default\">\n\t\t\t\t<div class=\"elementor-widget-container\">\n\t\t\t\t\t\t\t<div class=\"elementor-spacer\">\n\t\t\t<div class=\"elementor-spacer-inner\"><\/div>\n\t\t<\/div>\n\t\t\t\t\t\t<\/div>\n\t\t\t\t<\/div>\n\t\t\t\t\t<\/div>\n\t\t<\/div>\n\t\t\t\t\t<\/div>\n\t\t<\/section>\n\t\t\t\t<\/div>\n\t\t","protected":false},"excerpt":{"rendered":"<p>Termos de Uso Termos de Uso do site da Pharm\u00e1cia Spec\u00edfica &#8211; DD 05.17.05 Bem-vindo ao site da Pharm\u00e1cia Spec\u00edfica!\u00a0 Por favor, leia atentamente os termos e condi\u00e7\u00f5es abaixo estipulados (\u201cTermos de Uso\u201d) para que voc\u00ea possa usufruir da nossa plataforma, bem como dos servi\u00e7os disponibilizados por Pharm\u00e1cia Spec\u00edfica, uma sociedade constitu\u00edda de acordo com [&hellip;]<\/p>\n","protected":false},"author":2,"featured_media":0,"parent":0,"menu_order":0,"comment_status":"closed","ping_status":"closed","template":"","meta":{"_acf_changed":false,"footnotes":""},"class_list":["post-2149","page","type-page","status-publish","hentry"],"acf":[],"_links":{"self":[{"href":"https:\/\/specifica.com.br\/site2024\/wp-json\/wp\/v2\/pages\/2149","targetHints":{"allow":["GET"]}}],"collection":[{"href":"https:\/\/specifica.com.br\/site2024\/wp-json\/wp\/v2\/pages"}],"about":[{"href":"https:\/\/specifica.com.br\/site2024\/wp-json\/wp\/v2\/types\/page"}],"author":[{"embeddable":true,"href":"https:\/\/specifica.com.br\/site2024\/wp-json\/wp\/v2\/users\/2"}],"replies":[{"embeddable":true,"href":"https:\/\/specifica.com.br\/site2024\/wp-json\/wp\/v2\/comments?post=2149"}],"version-history":[{"count":7,"href":"https:\/\/specifica.com.br\/site2024\/wp-json\/wp\/v2\/pages\/2149\/revisions"}],"predecessor-version":[{"id":2195,"href":"https:\/\/specifica.com.br\/site2024\/wp-json\/wp\/v2\/pages\/2149\/revisions\/2195"}],"wp:attachment":[{"href":"https:\/\/specifica.com.br\/site2024\/wp-json\/wp\/v2\/media?parent=2149"}],"curies":[{"name":"wp","href":"https:\/\/api.w.org\/{rel}","templated":true}]}}